{"id":589,"date":"2025-06-23T14:57:55","date_gmt":"2025-06-23T12:57:55","guid":{"rendered":"https:\/\/www.tk-elektro.hr\/elektroinstallationsarbeiten\/"},"modified":"2025-06-26T18:33:13","modified_gmt":"2025-06-26T16:33:13","slug":"elektroinstallationsarbeiten","status":"publish","type":"page","link":"https:\/\/www.tk-elektro.hr\/de\/elektroinstallationsarbeiten\/","title":{"rendered":"Elektroinstallationsarbeiten"},"content":{"rendered":"<p>[et_pb_section fb_built=&#8220;1&#8243; admin_label=&#8220;Hero&#8220; _builder_version=&#8220;4.27.4&#8243; use_background_color_gradient=&#8220;on&#8220; background_color_gradient_type=&#8220;circular&#8220; background_color_gradient_direction_radial=&#8220;top left&#8220; background_color_gradient_stops=&#8220;rgba(40,40,40,0.79) 0%|rgba(40,40,40,0.86) 100%&#8220; background_color_gradient_overlays_image=&#8220;on&#8220; background_color_gradient_start=&#8220;rgba(40,40,40,0.79)&#8220; background_color_gradient_end=&#8220;rgba(40,40,40,0.86)&#8220; background_image=&#8220;https:\/\/www.tk-elektro.hr\/wp-content\/uploads\/2025\/06\/38-1.jpg&#8220; custom_margin=&#8220;||||false&#8220; custom_padding=&#8220;10vw||10vw||true|false&#8220; global_colors_info=&#8220;{}&#8220;][et_pb_row _builder_version=&#8220;4.27.4&#8243; global_colors_info=&#8220;{}&#8220;][et_pb_column type=&#8220;4_4&#8243; _builder_version=&#8220;4.16&#8243; custom_padding=&#8220;|||&#8220; global_colors_info=&#8220;{}&#8220; custom_padding__hover=&#8220;|||&#8220;][et_pb_text _builder_version=&#8220;4.27.4&#8243; text_font=&#8220;||||||||&#8220; header_font=&#8220;Rubik|700|||||||&#8220; header_font_size=&#8220;64px&#8220; header_line_height=&#8220;1.1em&#8220; background_layout=&#8220;dark&#8220; max_width=&#8220;800px&#8220; custom_margin=&#8220;||0px|&#8220; custom_padding=&#8220;|||16px&#8220; text_font_size_tablet=&#8220;14px&#8220; text_font_size_last_edited=&#8220;off|desktop&#8220; header_font_size_tablet=&#8220;44px&#8220; header_font_size_phone=&#8220;32px&#8220; header_font_size_last_edited=&#8220;on|phone&#8220; border_color_all=&#8220;#105CA8&#8243; border_width_left=&#8220;10px&#8220; border_color_left=&#8220;#31B840&#8243; global_colors_info=&#8220;{}&#8220;]<\/p>\n<h1>Elektroinstallationsarbeiten<\/h1>\n<p>[\/et_pb_text][\/et_pb_column][\/et_pb_row][\/et_pb_section][et_pb_section fb_built=&#8220;1&#8243; admin_label=&#8220;History&#8220; _builder_version=&#8220;4.27.4&#8243; custom_padding=&#8220;||0px||false|false&#8220; global_colors_info=&#8220;{}&#8220; parallax_1__hover=&#8220;off&#8220; parallax_1__hover_enabled=&#8220;off&#8220; parallax_2__hover=&#8220;off&#8220; parallax_2__hover_enabled=&#8220;off&#8220; parallax_3__hover=&#8220;off&#8220; parallax_3__hover_enabled=&#8220;off&#8220; parallax_method_1__hover=&#8220;on&#8220; parallax_method_1__hover_enabled=&#8220;on&#8220; parallax_method_2__hover=&#8220;on&#8220; parallax_method_2__hover_enabled=&#8220;on&#8220; parallax_method_3__hover=&#8220;on&#8220; parallax_method_3__hover_enabled=&#8220;on&#8220;][et_pb_row _builder_version=&#8220;4.27.4&#8243; custom_width_px__hover=&#8220;1080px&#8220; custom_width_px__hover_enabled=&#8220;1080px&#8220; custom_width_percent__hover=&#8220;80%&#8220; custom_width_percent__hover_enabled=&#8220;80%&#8220; locked=&#8220;off&#8220; global_colors_info=&#8220;{}&#8220; gutter_width__hover=&#8220;3&#8243; gutter_width__hover_enabled=&#8220;3&#8243; parallax_1__hover=&#8220;off&#8220; parallax_1__hover_enabled=&#8220;off&#8220; parallax_2__hover=&#8220;off&#8220; parallax_2__hover_enabled=&#8220;off&#8220; parallax_3__hover=&#8220;off&#8220; parallax_3__hover_enabled=&#8220;off&#8220; parallax_4__hover=&#8220;off&#8220; parallax_4__hover_enabled=&#8220;off&#8220; parallax_5__hover=&#8220;off&#8220; parallax_5__hover_enabled=&#8220;off&#8220; parallax_6__hover=&#8220;off&#8220; parallax_6__hover_enabled=&#8220;off&#8220; parallax_method_1__hover=&#8220;on&#8220; parallax_method_1__hover_enabled=&#8220;on&#8220; parallax_method_2__hover=&#8220;on&#8220; parallax_method_2__hover_enabled=&#8220;on&#8220; parallax_method_3__hover=&#8220;on&#8220; parallax_method_3__hover_enabled=&#8220;on&#8220; parallax_method_4__hover=&#8220;on&#8220; parallax_method_4__hover_enabled=&#8220;on&#8220; parallax_method_5__hover=&#8220;on&#8220; parallax_method_5__hover_enabled=&#8220;on&#8220; parallax_method_6__hover=&#8220;on&#8220; parallax_method_6__hover_enabled=&#8220;on&#8220; use_background_color_gradient__hover=&#8220;off&#8220; use_background_color_gradient__hover_enabled=&#8220;off&#8220; background_color_gradient_start__hover=&#8220;#2b87da&#8220; background_color_gradient_start__hover_enabled=&#8220;#2b87da&#8220; background_color_gradient_end__hover=&#8220;#29c4a9&#8243; background_color_gradient_end__hover_enabled=&#8220;#29c4a9&#8243; background_color_gradient_type__hover=&#8220;linear&#8220; background_color_gradient_type__hover_enabled=&#8220;linear&#8220; background_color_gradient_direction__hover=&#8220;180deg&#8220; background_color_gradient_direction__hover_enabled=&#8220;180deg&#8220; background_color_gradient_direction_radial__hover=&#8220;center&#8220; background_color_gradient_direction_radial__hover_enabled=&#8220;center&#8220; background_color_gradient_start_position__hover=&#8220;0%&#8220; background_color_gradient_start_position__hover_enabled=&#8220;0%&#8220; background_color_gradient_end_position__hover=&#8220;100%&#8220; background_color_gradient_end_position__hover_enabled=&#8220;100%&#8220; background_color_gradient_overlays_image__hover=&#8220;off&#8220; background_color_gradient_overlays_image__hover_enabled=&#8220;off&#8220; parallax__hover=&#8220;off&#8220; parallax__hover_enabled=&#8220;off&#8220; parallax_method__hover=&#8220;on&#8220; parallax_method__hover_enabled=&#8220;on&#8220; background_size__hover=&#8220;cover&#8220; background_size__hover_enabled=&#8220;cover&#8220; background_position__hover=&#8220;center&#8220; background_position__hover_enabled=&#8220;center&#8220; background_repeat__hover=&#8220;no-repeat&#8220; background_repeat__hover_enabled=&#8220;no-repeat&#8220; background_blend__hover=&#8220;normal&#8220; background_blend__hover_enabled=&#8220;normal&#8220; allow_player_pause__hover=&#8220;off&#8220; allow_player_pause__hover_enabled=&#8220;off&#8220; background_video_pause_outside_viewport__hover=&#8220;on&#8220; background_video_pause_outside_viewport__hover_enabled=&#8220;on&#8220; make_fullwidth__hover=&#8220;off&#8220; make_fullwidth__hover_enabled=&#8220;off&#8220; use_custom_width__hover=&#8220;off&#8220; use_custom_width__hover_enabled=&#8220;off&#8220; width_unit__hover=&#8220;on&#8220; width_unit__hover_enabled=&#8220;on&#8220; use_custom_gutter__hover=&#8220;off&#8220; use_custom_gutter__hover_enabled=&#8220;off&#8220; make_equal__hover=&#8220;off&#8220; make_equal__hover_enabled=&#8220;off&#8220; border_radii__hover=&#8220;on||||&#8220; border_radii__hover_enabled=&#8220;on||||&#8220; box_shadow_style__hover=&#8220;none&#8220; box_shadow_style__hover_enabled=&#8220;none&#8220; box_shadow_color__hover=&#8220;rgba(0,0,0,0.3)&#8220; box_shadow_color__hover_enabled=&#8220;rgba(0,0,0,0.3)&#8220; filter_hue_rotate__hover=&#8220;0deg&#8220; filter_hue_rotate__hover_enabled=&#8220;0deg&#8220; filter_saturate__hover=&#8220;100%&#8220; filter_saturate__hover_enabled=&#8220;100%&#8220; filter_brightness__hover=&#8220;100%&#8220; filter_brightness__hover_enabled=&#8220;100%&#8220; filter_contrast__hover=&#8220;100%&#8220; filter_contrast__hover_enabled=&#8220;100%&#8220; filter_invert__hover=&#8220;0%&#8220; filter_invert__hover_enabled=&#8220;0%&#8220; filter_sepia__hover=&#8220;0%&#8220; filter_sepia__hover_enabled=&#8220;0%&#8220; filter_opacity__hover=&#8220;100%&#8220; filter_opacity__hover_enabled=&#8220;100%&#8220; filter_blur__hover=&#8220;0px&#8220; filter_blur__hover_enabled=&#8220;0px&#8220; mix_blend_mode__hover=&#8220;normal&#8220; mix_blend_mode__hover_enabled=&#8220;normal&#8220; animation_style__hover=&#8220;none&#8220; animation_style__hover_enabled=&#8220;none&#8220; animation_repeat__hover=&#8220;once&#8220; animation_repeat__hover_enabled=&#8220;once&#8220; animation_direction__hover=&#8220;center&#8220; animation_direction__hover_enabled=&#8220;center&#8220; animation_duration__hover=&#8220;1000ms&#8220; animation_duration__hover_enabled=&#8220;1000ms&#8220; animation_delay__hover=&#8220;0ms&#8220; animation_delay__hover_enabled=&#8220;0ms&#8220; animation_intensity_slide__hover=&#8220;50%&#8220; animation_intensity_slide__hover_enabled=&#8220;50%&#8220; animation_intensity_zoom__hover=&#8220;50%&#8220; animation_intensity_zoom__hover_enabled=&#8220;50%&#8220; animation_intensity_flip__hover=&#8220;50%&#8220; animation_intensity_flip__hover_enabled=&#8220;50%&#8220; animation_intensity_fold__hover=&#8220;50%&#8220; animation_intensity_fold__hover_enabled=&#8220;50%&#8220; animation_intensity_roll__hover=&#8220;50%&#8220; animation_intensity_roll__hover_enabled=&#8220;50%&#8220; animation_starting_opacity__hover=&#8220;0%&#8220; animation_starting_opacity__hover_enabled=&#8220;0%&#8220; animation_speed_curve__hover=&#8220;ease-in-out&#8220; animation_speed_curve__hover_enabled=&#8220;ease-in-out&#8220; hover_transition_duration__hover=&#8220;300ms&#8220; hover_transition_duration__hover_enabled=&#8220;300ms&#8220; hover_transition_delay__hover=&#8220;0ms&#8220; hover_transition_delay__hover_enabled=&#8220;0ms&#8220; hover_transition_speed_curve__hover=&#8220;ease&#8220; hover_transition_speed_curve__hover_enabled=&#8220;ease&#8220; background_color_gradient_stops__hover=&#8220;#2b87da 0%|#29c4a9 100%&#8220;][et_pb_column type=&#8220;4_4&#8243; _builder_version=&#8220;4.16&#8243; custom_padding=&#8220;|||&#8220; global_colors_info=&#8220;{}&#8220; custom_padding__hover=&#8220;|||&#8220;][et_pb_text _builder_version=&#8220;4.27.4&#8243; text_font=&#8220;||||||||&#8220; text_line_height=&#8220;2em&#8220; text_font_size_tablet=&#8220;14px&#8220; text_font_size_phone=&#8220;&#8220; text_font_size_last_edited=&#8220;on|tablet&#8220; global_colors_info=&#8220;{}&#8220;]<\/p>\n<p><strong>Fachm\u00e4nnisch. Sicherlich. Zuverl\u00e4ssig.<\/strong><\/p>\n<p>Wir f\u00fchren komplette Elektroinstallationsarbeiten f\u00fcr Industrieanlagen, Gesch\u00e4ftsr\u00e4ume und Logistikzentren durch, mit h\u00f6chster Qualit\u00e4t und Sicherheit.<\/p>\n<p>Unser Team aus lizenzierten Elektrikern und Technikern gew\u00e4hrleistet eine pr\u00e4zise Planung, professionelle Ausf\u00fchrung und langfristige Funktionalit\u00e4t jedes Systems.<\/p>\n<p>[\/et_pb_text][\/et_pb_column][\/et_pb_row][\/et_pb_section][et_pb_section fb_built=&#8220;1&#8243; _builder_version=&#8220;4.27.4&#8243; custom_padding=&#8220;0px||||false|false&#8220; global_colors_info=&#8220;{}&#8220;][et_pb_row column_structure=&#8220;1_2,1_2&#8243; _builder_version=&#8220;4.27.4&#8243; _module_preset=&#8220;default&#8220; global_colors_info=&#8220;{}&#8220;][et_pb_column type=&#8220;1_2&#8243; _builder_version=&#8220;4.27.4&#8243; _module_preset=&#8220;default&#8220; global_colors_info=&#8220;{}&#8220;][et_pb_text _builder_version=&#8220;4.27.4&#8243; _module_preset=&#8220;default&#8220; max_width_tablet=&#8220;62%&#8220; max_width_phone=&#8220;100%&#8220; max_width_last_edited=&#8220;on|phone&#8220; module_alignment=&#8220;center&#8220; hover_enabled=&#8220;0&#8243; global_colors_info=&#8220;{}&#8220; sticky_enabled=&#8220;0&#8243;]<\/p>\n<h3 style=\"text-align: left;\"><strong>Unsere Dienste umfassen:<\/strong><\/h3>\n<ul>\n<li><strong>Installation der elektrischen Installation<\/strong>\u2013 Durchf\u00fchrung von Installationen mit niedriger Spannung und Installation starker Strom in neuen und vorhandenen Einrichtungen<\/li>\n<li><strong>Installation von Verteilerschr\u00e4nken und Steuerungssystemen<\/strong>\u2013 Montage, Verdrahtung und Konfiguration von Schaltschr\u00e4nken f\u00fcr Industriemaschinen, Linien und Automatisierung.<\/li>\n<li><strong>Beleuchtungs- und Stromversorgungsinstallation<\/strong> \u2013 interne und externe Beleuchtung, energie -effiziente Strominstallationsl\u00f6sungen<\/li>\n<li><strong>WARTUNG UND DIAGNOSE<\/strong>\u2013 Regelm\u00e4\u00dfige \u00dcberpr\u00fcfungen, Tests und Reparaturen von Elektroinstallationen zur Gew\u00e4hrleistung der Systemsicherheit und -zuverl\u00e4ssigkeit<\/li>\n<li><strong>Modernisierung und Erweiterung bestehender Anlagen<\/strong>\u2013 Anpassung an das Wachstum und die neuen Bed\u00fcrfnisse Ihres Unternehmens.<\/li>\n<\/ul>\n<p>[\/et_pb_text][\/et_pb_column][et_pb_column type=&#8220;1_2&#8243; _builder_version=&#8220;4.27.4&#8243; _module_preset=&#8220;default&#8220; global_colors_info=&#8220;{}&#8220;][et_pb_text _builder_version=&#8220;4.27.4&#8243; _module_preset=&#8220;default&#8220; global_colors_info=&#8220;{}&#8220;]<\/p>\n<p>Egal, ob Sie eine komplett neue Elektroinstallationsl\u00f6sung oder einen professionellen Service f\u00fcr bestehende Installationen ben\u00f6tigen, wir sind f\u00fcr Sie da, um <strong>die Sicherheit, Stabilit\u00e4t und Funktionalit\u00e4t Ihres elektrischen Systems zu gew\u00e4hrleisten.<\/strong><\/p>\n<p>[\/et_pb_text][\/et_pb_column][\/et_pb_row][et_pb_row _builder_version=&#8220;4.27.4&#8243; _module_preset=&#8220;default&#8220; global_colors_info=&#8220;{}&#8220;][et_pb_column type=&#8220;4_4&#8243; _builder_version=&#8220;4.27.4&#8243; _module_preset=&#8220;default&#8220; global_colors_info=&#8220;{}&#8220;][et_pb_gallery gallery_ids=&#8220;159,160,161,162,163,164,165,166,167,168,169,170,171,172,173,174,175,176,177,178,179,180,181,182,183,184,185,186,187,188,189,190,191,192,193,194,195,196,197&#8243; posts_number=&#8220;8&#8243; show_title_and_caption=&#8220;off&#8220; _builder_version=&#8220;4.27.4&#8243; _module_preset=&#8220;default&#8220; global_colors_info=&#8220;{}&#8220;][\/et_pb_gallery][\/et_pb_column][\/et_pb_row][\/et_pb_section]<\/p>\n","protected":false},"excerpt":{"rendered":"<p>ElektroinstallationsarbeitenFachm\u00e4nnisch. Sicherlich. Zuverl\u00e4ssig. Wir f\u00fchren komplette Elektroinstallationsarbeiten f\u00fcr Industrieanlagen, Gesch\u00e4ftsr\u00e4ume und Logistikzentren durch, mit h\u00f6chster Qualit\u00e4t und Sicherheit. Unser Team aus lizenzierten Elektrikern und Technikern gew\u00e4hrleistet eine pr\u00e4zise Planung, professionelle Ausf\u00fchrung und langfristige Funktionalit\u00e4t jedes Systems.Unsere Dienste umfassen: Installation der elektrischen Installation\u2013 Durchf\u00fchrung von Installationen mit niedriger Spannung und Installation starker Strom in neuen und [&hellip;]<\/p>\n","protected":false},"author":1,"featured_media":0,"parent":0,"menu_order":0,"comment_status":"closed","ping_status":"closed","template":"","meta":{"_et_pb_use_builder":"on","_et_pb_old_content":"","_et_gb_content_width":"","footnotes":""},"class_list":["post-589","page","type-page","status-publish","hentry"],"yoast_head":"<!-- This site is optimized with the Yoast SEO plugin v25.3.1 - https:\/\/yoast.com\/wordpress\/plugins\/seo\/ -->\n<title>Elektroinstallationsarbeiten - TK-ELEKTRO d.o.o.<\/title>\n<meta name=\"robots\" content=\"index, follow, max-snippet:-1, max-image-preview:large, max-video-preview:-1\" \/>\n<link rel=\"canonical\" href=\"https:\/\/www.tk-elektro.hr\/de\/elektroinstallationsarbeiten\/\" \/>\n<meta property=\"og:locale\" content=\"de_DE\" \/>\n<meta property=\"og:type\" content=\"article\" \/>\n<meta property=\"og:title\" content=\"Elektroinstallationsarbeiten - TK-ELEKTRO d.o.o.\" \/>\n<meta property=\"og:description\" content=\"ElektroinstallationsarbeitenFachm\u00e4nnisch. Sicherlich. Zuverl\u00e4ssig. Wir f\u00fchren komplette Elektroinstallationsarbeiten f\u00fcr Industrieanlagen, Gesch\u00e4ftsr\u00e4ume und Logistikzentren durch, mit h\u00f6chster Qualit\u00e4t und Sicherheit. Unser Team aus lizenzierten Elektrikern und Technikern gew\u00e4hrleistet eine pr\u00e4zise Planung, professionelle Ausf\u00fchrung und langfristige Funktionalit\u00e4t jedes Systems.Unsere Dienste umfassen: Installation der elektrischen Installation\u2013 Durchf\u00fchrung von Installationen mit niedriger Spannung und Installation starker Strom in neuen und [&hellip;]\" \/>\n<meta property=\"og:url\" content=\"https:\/\/www.tk-elektro.hr\/de\/elektroinstallationsarbeiten\/\" \/>\n<meta property=\"og:site_name\" content=\"TK-ELEKTRO d.o.o.\" \/>\n<meta property=\"article:modified_time\" content=\"2025-06-26T16:33:13+00:00\" \/>\n<meta name=\"twitter:card\" content=\"summary_large_image\" \/>\n<meta name=\"twitter:label1\" content=\"Gesch\u00e4tzte Lesezeit\" \/>\n\t<meta name=\"twitter:data1\" content=\"6\u00a0Minuten\" \/>\n<script type=\"application\/ld+json\" class=\"yoast-schema-graph\">{\"@context\":\"https:\/\/schema.org\",\"@graph\":[{\"@type\":\"WebPage\",\"@id\":\"https:\/\/www.tk-elektro.hr\/de\/elektroinstallationsarbeiten\/\",\"url\":\"https:\/\/www.tk-elektro.hr\/de\/elektroinstallationsarbeiten\/\",\"name\":\"Elektroinstallationsarbeiten - TK-ELEKTRO d.o.o.\",\"isPartOf\":{\"@id\":\"https:\/\/www.tk-elektro.hr\/#website\"},\"datePublished\":\"2025-06-23T12:57:55+00:00\",\"dateModified\":\"2025-06-26T16:33:13+00:00\",\"breadcrumb\":{\"@id\":\"https:\/\/www.tk-elektro.hr\/de\/elektroinstallationsarbeiten\/#breadcrumb\"},\"inLanguage\":\"de\",\"potentialAction\":[{\"@type\":\"ReadAction\",\"target\":[\"https:\/\/www.tk-elektro.hr\/de\/elektroinstallationsarbeiten\/\"]}]},{\"@type\":\"BreadcrumbList\",\"@id\":\"https:\/\/www.tk-elektro.hr\/de\/elektroinstallationsarbeiten\/#breadcrumb\",\"itemListElement\":[{\"@type\":\"ListItem\",\"position\":1,\"name\":\"Po\u010detna stranica\",\"item\":\"https:\/\/www.tk-elektro.hr\/de\/\"},{\"@type\":\"ListItem\",\"position\":2,\"name\":\"Elektroinstallationsarbeiten\"}]},{\"@type\":\"WebSite\",\"@id\":\"https:\/\/www.tk-elektro.hr\/#website\",\"url\":\"https:\/\/www.tk-elektro.hr\/\",\"name\":\"TK-ELEKTRO d.o.o.\",\"description\":\"MONTA\u017dA, SERVIS I ODR\u017dAVANJE INDUSTRIJSKIH STROJEVA I NAPRAVA\",\"potentialAction\":[{\"@type\":\"SearchAction\",\"target\":{\"@type\":\"EntryPoint\",\"urlTemplate\":\"https:\/\/www.tk-elektro.hr\/?s={search_term_string}\"},\"query-input\":{\"@type\":\"PropertyValueSpecification\",\"valueRequired\":true,\"valueName\":\"search_term_string\"}}],\"inLanguage\":\"de\"}]}<\/script>\n<!-- \/ Yoast SEO plugin. -->","yoast_head_json":{"title":"Elektroinstallationsarbeiten - TK-ELEKTRO d.o.o.","robots":{"index":"index","follow":"follow","max-snippet":"max-snippet:-1","max-image-preview":"max-image-preview:large","max-video-preview":"max-video-preview:-1"},"canonical":"https:\/\/www.tk-elektro.hr\/de\/elektroinstallationsarbeiten\/","og_locale":"de_DE","og_type":"article","og_title":"Elektroinstallationsarbeiten - TK-ELEKTRO d.o.o.","og_description":"ElektroinstallationsarbeitenFachm\u00e4nnisch. Sicherlich. Zuverl\u00e4ssig. Wir f\u00fchren komplette Elektroinstallationsarbeiten f\u00fcr Industrieanlagen, Gesch\u00e4ftsr\u00e4ume und Logistikzentren durch, mit h\u00f6chster Qualit\u00e4t und Sicherheit. Unser Team aus lizenzierten Elektrikern und Technikern gew\u00e4hrleistet eine pr\u00e4zise Planung, professionelle Ausf\u00fchrung und langfristige Funktionalit\u00e4t jedes Systems.Unsere Dienste umfassen: Installation der elektrischen Installation\u2013 Durchf\u00fchrung von Installationen mit niedriger Spannung und Installation starker Strom in neuen und [&hellip;]","og_url":"https:\/\/www.tk-elektro.hr\/de\/elektroinstallationsarbeiten\/","og_site_name":"TK-ELEKTRO d.o.o.","article_modified_time":"2025-06-26T16:33:13+00:00","twitter_card":"summary_large_image","twitter_misc":{"Gesch\u00e4tzte Lesezeit":"6\u00a0Minuten"},"schema":{"@context":"https:\/\/schema.org","@graph":[{"@type":"WebPage","@id":"https:\/\/www.tk-elektro.hr\/de\/elektroinstallationsarbeiten\/","url":"https:\/\/www.tk-elektro.hr\/de\/elektroinstallationsarbeiten\/","name":"Elektroinstallationsarbeiten - TK-ELEKTRO d.o.o.","isPartOf":{"@id":"https:\/\/www.tk-elektro.hr\/#website"},"datePublished":"2025-06-23T12:57:55+00:00","dateModified":"2025-06-26T16:33:13+00:00","breadcrumb":{"@id":"https:\/\/www.tk-elektro.hr\/de\/elektroinstallationsarbeiten\/#breadcrumb"},"inLanguage":"de","potentialAction":[{"@type":"ReadAction","target":["https:\/\/www.tk-elektro.hr\/de\/elektroinstallationsarbeiten\/"]}]},{"@type":"BreadcrumbList","@id":"https:\/\/www.tk-elektro.hr\/de\/elektroinstallationsarbeiten\/#breadcrumb","itemListElement":[{"@type":"ListItem","position":1,"name":"Po\u010detna stranica","item":"https:\/\/www.tk-elektro.hr\/de\/"},{"@type":"ListItem","position":2,"name":"Elektroinstallationsarbeiten"}]},{"@type":"WebSite","@id":"https:\/\/www.tk-elektro.hr\/#website","url":"https:\/\/www.tk-elektro.hr\/","name":"TK-ELEKTRO d.o.o.","description":"MONTA\u017dA, SERVIS I ODR\u017dAVANJE INDUSTRIJSKIH STROJEVA I NAPRAVA","potentialAction":[{"@type":"SearchAction","target":{"@type":"EntryPoint","urlTemplate":"https:\/\/www.tk-elektro.hr\/?s={search_term_string}"},"query-input":{"@type":"PropertyValueSpecification","valueRequired":true,"valueName":"search_term_string"}}],"inLanguage":"de"}]}},"_links":{"self":[{"href":"https:\/\/www.tk-elektro.hr\/de\/wp-json\/wp\/v2\/pages\/589","targetHints":{"allow":["GET"]}}],"collection":[{"href":"https:\/\/www.tk-elektro.hr\/de\/wp-json\/wp\/v2\/pages"}],"about":[{"href":"https:\/\/www.tk-elektro.hr\/de\/wp-json\/wp\/v2\/types\/page"}],"author":[{"embeddable":true,"href":"https:\/\/www.tk-elektro.hr\/de\/wp-json\/wp\/v2\/users\/1"}],"replies":[{"embeddable":true,"href":"https:\/\/www.tk-elektro.hr\/de\/wp-json\/wp\/v2\/comments?post=589"}],"version-history":[{"count":3,"href":"https:\/\/www.tk-elektro.hr\/de\/wp-json\/wp\/v2\/pages\/589\/revisions"}],"predecessor-version":[{"id":625,"href":"https:\/\/www.tk-elektro.hr\/de\/wp-json\/wp\/v2\/pages\/589\/revisions\/625"}],"wp:attachment":[{"href":"https:\/\/www.tk-elektro.hr\/de\/wp-json\/wp\/v2\/media?parent=589"}],"curies":[{"name":"wp","href":"https:\/\/api.w.org\/{rel}","templated":true}]}}