{"id":588,"date":"2025-06-23T14:36:06","date_gmt":"2025-06-23T12:36:06","guid":{"rendered":"https:\/\/www.tk-elektro.hr\/montage-service-und-wartung-von-industriemaschinen-und-anlagen\/"},"modified":"2025-06-26T18:35:06","modified_gmt":"2025-06-26T16:35:06","slug":"montage-service-und-wartung-von-industriemaschinen-und-anlagen","status":"publish","type":"page","link":"https:\/\/www.tk-elektro.hr\/de\/montage-service-und-wartung-von-industriemaschinen-und-anlagen\/","title":{"rendered":"Montage, Service und Wartung von Industriemaschinen und -anlagen"},"content":{"rendered":"<p>[et_pb_section fb_built=&#8220;1&#8243; admin_label=&#8220;Hero&#8220; _builder_version=&#8220;4.27.4&#8243; use_background_color_gradient=&#8220;on&#8220; background_color_gradient_type=&#8220;circular&#8220; background_color_gradient_direction_radial=&#8220;top left&#8220; background_color_gradient_stops=&#8220;rgba(40,40,40,0.79) 0%|rgba(40,40,40,0.86) 100%&#8220; background_color_gradient_overlays_image=&#8220;on&#8220; background_color_gradient_start=&#8220;rgba(40,40,40,0.79)&#8220; background_color_gradient_end=&#8220;rgba(40,40,40,0.86)&#8220; background_image=&#8220;https:\/\/www.tk-elektro.hr\/wp-content\/uploads\/2025\/06\/2-scaled.jpg&#8220; custom_margin=&#8220;||||false&#8220; custom_padding=&#8220;10vw||10vw||true|false&#8220; global_colors_info=&#8220;{}&#8220;][et_pb_row _builder_version=&#8220;4.27.4&#8243; global_colors_info=&#8220;{}&#8220;][et_pb_column type=&#8220;4_4&#8243; _builder_version=&#8220;4.16&#8243; custom_padding=&#8220;|||&#8220; global_colors_info=&#8220;{}&#8220; custom_padding__hover=&#8220;|||&#8220;][et_pb_text _builder_version=&#8220;4.27.4&#8243; text_font=&#8220;||||||||&#8220; header_font=&#8220;Rubik|700|||||||&#8220; header_font_size=&#8220;64px&#8220; header_line_height=&#8220;1.1em&#8220; background_layout=&#8220;dark&#8220; max_width=&#8220;800px&#8220; custom_margin=&#8220;||0px|&#8220; custom_padding=&#8220;|||16px&#8220; text_font_size_tablet=&#8220;14px&#8220; text_font_size_last_edited=&#8220;off|desktop&#8220; header_font_size_tablet=&#8220;44px&#8220; header_font_size_phone=&#8220;32px&#8220; header_font_size_last_edited=&#8220;on|phone&#8220; border_color_all=&#8220;#105CA8&#8243; border_width_left=&#8220;10px&#8220; border_color_left=&#8220;#31B840&#8243; global_colors_info=&#8220;{}&#8220;]<\/p>\n<h1>Montage, Service und Wartung von Industriemaschinen und -anlagen<\/h1>\n<p>[\/et_pb_text][\/et_pb_column][\/et_pb_row][\/et_pb_section][et_pb_section fb_built=&#8220;1&#8243; admin_label=&#8220;History&#8220; _builder_version=&#8220;4.27.4&#8243; custom_padding=&#8220;||0px||false|false&#8220; global_colors_info=&#8220;{}&#8220; parallax_1__hover=&#8220;off&#8220; parallax_1__hover_enabled=&#8220;off&#8220; parallax_2__hover=&#8220;off&#8220; parallax_2__hover_enabled=&#8220;off&#8220; parallax_3__hover=&#8220;off&#8220; parallax_3__hover_enabled=&#8220;off&#8220; parallax_method_1__hover=&#8220;on&#8220; parallax_method_1__hover_enabled=&#8220;on&#8220; parallax_method_2__hover=&#8220;on&#8220; parallax_method_2__hover_enabled=&#8220;on&#8220; parallax_method_3__hover=&#8220;on&#8220; parallax_method_3__hover_enabled=&#8220;on&#8220;][et_pb_row _builder_version=&#8220;4.27.4&#8243; custom_width_px__hover=&#8220;1080px&#8220; custom_width_px__hover_enabled=&#8220;1080px&#8220; custom_width_percent__hover=&#8220;80%&#8220; custom_width_percent__hover_enabled=&#8220;80%&#8220; locked=&#8220;off&#8220; global_colors_info=&#8220;{}&#8220; gutter_width__hover=&#8220;3&#8243; gutter_width__hover_enabled=&#8220;3&#8243; parallax_1__hover=&#8220;off&#8220; parallax_1__hover_enabled=&#8220;off&#8220; parallax_2__hover=&#8220;off&#8220; parallax_2__hover_enabled=&#8220;off&#8220; parallax_3__hover=&#8220;off&#8220; parallax_3__hover_enabled=&#8220;off&#8220; parallax_4__hover=&#8220;off&#8220; parallax_4__hover_enabled=&#8220;off&#8220; parallax_5__hover=&#8220;off&#8220; parallax_5__hover_enabled=&#8220;off&#8220; parallax_6__hover=&#8220;off&#8220; parallax_6__hover_enabled=&#8220;off&#8220; parallax_method_1__hover=&#8220;on&#8220; parallax_method_1__hover_enabled=&#8220;on&#8220; parallax_method_2__hover=&#8220;on&#8220; parallax_method_2__hover_enabled=&#8220;on&#8220; parallax_method_3__hover=&#8220;on&#8220; parallax_method_3__hover_enabled=&#8220;on&#8220; parallax_method_4__hover=&#8220;on&#8220; parallax_method_4__hover_enabled=&#8220;on&#8220; parallax_method_5__hover=&#8220;on&#8220; parallax_method_5__hover_enabled=&#8220;on&#8220; parallax_method_6__hover=&#8220;on&#8220; parallax_method_6__hover_enabled=&#8220;on&#8220; use_background_color_gradient__hover=&#8220;off&#8220; use_background_color_gradient__hover_enabled=&#8220;off&#8220; background_color_gradient_start__hover=&#8220;#2b87da&#8220; background_color_gradient_start__hover_enabled=&#8220;#2b87da&#8220; background_color_gradient_end__hover=&#8220;#29c4a9&#8243; background_color_gradient_end__hover_enabled=&#8220;#29c4a9&#8243; background_color_gradient_type__hover=&#8220;linear&#8220; background_color_gradient_type__hover_enabled=&#8220;linear&#8220; background_color_gradient_direction__hover=&#8220;180deg&#8220; background_color_gradient_direction__hover_enabled=&#8220;180deg&#8220; background_color_gradient_direction_radial__hover=&#8220;center&#8220; background_color_gradient_direction_radial__hover_enabled=&#8220;center&#8220; background_color_gradient_start_position__hover=&#8220;0%&#8220; background_color_gradient_start_position__hover_enabled=&#8220;0%&#8220; background_color_gradient_end_position__hover=&#8220;100%&#8220; background_color_gradient_end_position__hover_enabled=&#8220;100%&#8220; background_color_gradient_overlays_image__hover=&#8220;off&#8220; background_color_gradient_overlays_image__hover_enabled=&#8220;off&#8220; parallax__hover=&#8220;off&#8220; parallax__hover_enabled=&#8220;off&#8220; parallax_method__hover=&#8220;on&#8220; parallax_method__hover_enabled=&#8220;on&#8220; background_size__hover=&#8220;cover&#8220; background_size__hover_enabled=&#8220;cover&#8220; background_position__hover=&#8220;center&#8220; background_position__hover_enabled=&#8220;center&#8220; background_repeat__hover=&#8220;no-repeat&#8220; background_repeat__hover_enabled=&#8220;no-repeat&#8220; background_blend__hover=&#8220;normal&#8220; background_blend__hover_enabled=&#8220;normal&#8220; allow_player_pause__hover=&#8220;off&#8220; allow_player_pause__hover_enabled=&#8220;off&#8220; background_video_pause_outside_viewport__hover=&#8220;on&#8220; background_video_pause_outside_viewport__hover_enabled=&#8220;on&#8220; make_fullwidth__hover=&#8220;off&#8220; make_fullwidth__hover_enabled=&#8220;off&#8220; use_custom_width__hover=&#8220;off&#8220; use_custom_width__hover_enabled=&#8220;off&#8220; width_unit__hover=&#8220;on&#8220; width_unit__hover_enabled=&#8220;on&#8220; use_custom_gutter__hover=&#8220;off&#8220; use_custom_gutter__hover_enabled=&#8220;off&#8220; make_equal__hover=&#8220;off&#8220; make_equal__hover_enabled=&#8220;off&#8220; border_radii__hover=&#8220;on||||&#8220; border_radii__hover_enabled=&#8220;on||||&#8220; box_shadow_style__hover=&#8220;none&#8220; box_shadow_style__hover_enabled=&#8220;none&#8220; box_shadow_color__hover=&#8220;rgba(0,0,0,0.3)&#8220; box_shadow_color__hover_enabled=&#8220;rgba(0,0,0,0.3)&#8220; filter_hue_rotate__hover=&#8220;0deg&#8220; filter_hue_rotate__hover_enabled=&#8220;0deg&#8220; filter_saturate__hover=&#8220;100%&#8220; filter_saturate__hover_enabled=&#8220;100%&#8220; filter_brightness__hover=&#8220;100%&#8220; filter_brightness__hover_enabled=&#8220;100%&#8220; filter_contrast__hover=&#8220;100%&#8220; filter_contrast__hover_enabled=&#8220;100%&#8220; filter_invert__hover=&#8220;0%&#8220; filter_invert__hover_enabled=&#8220;0%&#8220; filter_sepia__hover=&#8220;0%&#8220; filter_sepia__hover_enabled=&#8220;0%&#8220; filter_opacity__hover=&#8220;100%&#8220; filter_opacity__hover_enabled=&#8220;100%&#8220; filter_blur__hover=&#8220;0px&#8220; filter_blur__hover_enabled=&#8220;0px&#8220; mix_blend_mode__hover=&#8220;normal&#8220; mix_blend_mode__hover_enabled=&#8220;normal&#8220; animation_style__hover=&#8220;none&#8220; animation_style__hover_enabled=&#8220;none&#8220; animation_repeat__hover=&#8220;once&#8220; animation_repeat__hover_enabled=&#8220;once&#8220; animation_direction__hover=&#8220;center&#8220; animation_direction__hover_enabled=&#8220;center&#8220; animation_duration__hover=&#8220;1000ms&#8220; animation_duration__hover_enabled=&#8220;1000ms&#8220; animation_delay__hover=&#8220;0ms&#8220; animation_delay__hover_enabled=&#8220;0ms&#8220; animation_intensity_slide__hover=&#8220;50%&#8220; animation_intensity_slide__hover_enabled=&#8220;50%&#8220; animation_intensity_zoom__hover=&#8220;50%&#8220; animation_intensity_zoom__hover_enabled=&#8220;50%&#8220; animation_intensity_flip__hover=&#8220;50%&#8220; animation_intensity_flip__hover_enabled=&#8220;50%&#8220; animation_intensity_fold__hover=&#8220;50%&#8220; animation_intensity_fold__hover_enabled=&#8220;50%&#8220; animation_intensity_roll__hover=&#8220;50%&#8220; animation_intensity_roll__hover_enabled=&#8220;50%&#8220; animation_starting_opacity__hover=&#8220;0%&#8220; animation_starting_opacity__hover_enabled=&#8220;0%&#8220; animation_speed_curve__hover=&#8220;ease-in-out&#8220; animation_speed_curve__hover_enabled=&#8220;ease-in-out&#8220; hover_transition_duration__hover=&#8220;300ms&#8220; hover_transition_duration__hover_enabled=&#8220;300ms&#8220; hover_transition_delay__hover=&#8220;0ms&#8220; hover_transition_delay__hover_enabled=&#8220;0ms&#8220; hover_transition_speed_curve__hover=&#8220;ease&#8220; hover_transition_speed_curve__hover_enabled=&#8220;ease&#8220; background_color_gradient_stops__hover=&#8220;#2b87da 0%|#29c4a9 100%&#8220;][et_pb_column type=&#8220;4_4&#8243; _builder_version=&#8220;4.16&#8243; custom_padding=&#8220;|||&#8220; global_colors_info=&#8220;{}&#8220; custom_padding__hover=&#8220;|||&#8220;][et_pb_text _builder_version=&#8220;4.27.4&#8243; text_font=&#8220;||||||||&#8220; text_line_height=&#8220;2em&#8220; hover_enabled=&#8220;0&#8243; text_font_size_tablet=&#8220;14px&#8220; text_font_size_phone=&#8220;&#8220; text_font_size_last_edited=&#8220;on|tablet&#8220; global_colors_info=&#8220;{}&#8220; sticky_enabled=&#8220;0&#8243;]<\/p>\n<p><strong>Ein verl\u00e4sslicher Partner f\u00fcr alle Phasen des technischen Supports \u2013 von der Erstmontage bis zur langfristigen Wartung.<\/strong><\/p>\n<p>Wir sind spezialisiert auf<strong> professionelle Montage, Qualit\u00e4tsservice und vorbeugende Wartung<\/strong> von Industriemaschinen, Transportsystemen und automatisierten Ger\u00e4ten in verschiedenen Branchenzweigen.<\/p>\n<p>Mit einem hohen Ma\u00df an Fachwissen und Erfahrung, die bei internationalen Projekten gesammelt wurden, bieten wir einen professionellen Service an &#8211; sei es eine neue Installation von Ger\u00e4ten oder eine vorhandene.<\/p>\n<p>[\/et_pb_text][\/et_pb_column][\/et_pb_row][\/et_pb_section][et_pb_section fb_built=&#8220;1&#8243; _builder_version=&#8220;4.27.4&#8243; custom_padding=&#8220;0px||||false|false&#8220; global_colors_info=&#8220;{}&#8220;][et_pb_row _builder_version=&#8220;4.27.4&#8243; _module_preset=&#8220;default&#8220; global_colors_info=&#8220;{}&#8220;][et_pb_column type=&#8220;4_4&#8243; _builder_version=&#8220;4.27.4&#8243; _module_preset=&#8220;default&#8220; global_colors_info=&#8220;{}&#8220;][et_pb_text _builder_version=&#8220;4.27.4&#8243; _module_preset=&#8220;default&#8220; max_width=&#8220;62%&#8220; max_width_tablet=&#8220;62%&#8220; max_width_phone=&#8220;100%&#8220; max_width_last_edited=&#8220;on|phone&#8220; module_alignment=&#8220;center&#8220; global_colors_info=&#8220;{}&#8220;]<\/p>\n<h3 style=\"text-align: center;\"><strong>Unsere Dienstleistungen umfassen<\/strong><\/h3>\n<p style=\"text-align: center;\">Egal ob es sich um ein Logistikzentrum, eine Produktionshalle oder eine spezialisierte Anlage handelt, unsere L\u00f6sungen gew\u00e4hrleisten ein hohes <strong>Ma\u00df an Betriebsbereitschaft <\/strong>und <strong>maximale Produktivit\u00e4t.<\/strong><\/p>\n<p>[\/et_pb_text][\/et_pb_column][\/et_pb_row][et_pb_row column_structure=&#8220;1_3,1_3,1_3&#8243; make_equal=&#8220;on&#8220; padding_top_bottom_link_1=&#8220;true&#8220; padding_top_bottom_link_2=&#8220;true&#8220; padding_top_bottom_link_3=&#8220;true&#8220; padding_top_bottom_link_4=&#8220;true&#8220; padding_left_right_link_1=&#8220;true&#8220; padding_left_right_link_2=&#8220;true&#8220; padding_left_right_link_3=&#8220;true&#8220; padding_left_right_link_4=&#8220;true&#8220; _builder_version=&#8220;4.27.4&#8243; locked=&#8220;off&#8220; global_colors_info=&#8220;{}&#8220;][et_pb_column type=&#8220;1_3&#8243; _builder_version=&#8220;4.16&#8243; background_color_gradient_start=&#8220;rgba(255,255,255,0)&#8220; background_color_gradient_end=&#8220;#ffffff&#8220; background_color_gradient_end_position=&#8220;80%&#8220; background_image=&#8220;https:\/\/www.tk-elektro.hr\/wp-content\/uploads\/2025\/06\/golf_course_40.png&#8220; background_size=&#8220;contain&#8220; background_position=&#8220;top_center&#8220; custom_padding=&#8220;80px|20px|80px|20px&#8220; global_colors_info=&#8220;{}&#8220; custom_padding__hover=&#8220;|||&#8220;][et_pb_blurb title=&#8220;MONTAGE &#8220; use_icon=&#8220;on&#8220; font_icon=&#8220;&#xf6e3;||fa||900&#8243; icon_color=&#8220;#31B840&#8243; image_icon_background_color=&#8220;RGBA(255,255,255,0)&#8220; image_icon_width=&#8220;36px&#8220; content_max_width=&#8220;320px&#8220; _builder_version=&#8220;4.27.4&#8243; header_font=&#8220;|700|||||||&#8220; header_font_size=&#8220;18px&#8220; header_line_height=&#8220;1.6em&#8220; body_font=&#8220;||||||||&#8220; body_line_height=&#8220;1.9em&#8220; text_orientation=&#8220;center&#8220; animation_style=&#8220;zoom&#8220; animation_intensity_zoom=&#8220;2%&#8220; animation=&#8220;off&#8220; global_colors_info=&#8220;{}&#8220;]<\/p>\n<p>Pr\u00e4zise und professionelle Installation neuer Maschinen und Systeme gem\u00e4\u00df den technischen Spezifikationen des Herstellers, einschlie\u00dflich mechanischer, elektrischer und pneumatischer Komponenten.<\/p>\n<p>[\/et_pb_blurb][\/et_pb_column][et_pb_column type=&#8220;1_3&#8243; _builder_version=&#8220;4.16&#8243; background_color_gradient_start=&#8220;rgba(255,255,255,0)&#8220; background_color_gradient_end=&#8220;#ffffff&#8220; background_color_gradient_end_position=&#8220;80%&#8220; background_image=&#8220;https:\/\/www.tk-elektro.hr\/wp-content\/uploads\/2025\/06\/golf_course_40.png&#8220; background_size=&#8220;contain&#8220; background_position=&#8220;top_center&#8220; custom_padding=&#8220;80px|20px|80px|20px&#8220; global_colors_info=&#8220;{}&#8220; custom_padding__hover=&#8220;|||&#8220;][et_pb_blurb title=&#8220;SERVICE&#8220; use_icon=&#8220;on&#8220; font_icon=&#8220;&#xf542;||fa||900&#8243; icon_color=&#8220;#31B840&#8243; image_icon_background_color=&#8220;RGBA(255,255,255,0)&#8220; image_icon_width=&#8220;36px&#8220; content_max_width=&#8220;320px&#8220; _builder_version=&#8220;4.27.4&#8243; header_font=&#8220;|700|||||||&#8220; header_font_size=&#8220;18px&#8220; header_line_height=&#8220;1.6em&#8220; body_font=&#8220;||||||||&#8220; body_line_height=&#8220;1.9em&#8220; text_orientation=&#8220;center&#8220; animation_style=&#8220;zoom&#8220; animation_intensity_zoom=&#8220;2%&#8220; animation=&#8220;off&#8220; hover_enabled=&#8220;0&#8243; global_colors_info=&#8220;{}&#8220; sticky_enabled=&#8220;0&#8243;]<\/p>\n<p>Schnelle Ausfalldiagnostik, zuverl\u00e4ssige Reparaturen und Austausch von abgenutzten Teilen unter Verwendung von Originalkomponenten und Werkzeugen der neuesten Generation<\/p>\n<p>[\/et_pb_blurb][\/et_pb_column][et_pb_column type=&#8220;1_3&#8243; _builder_version=&#8220;4.16&#8243; background_color_gradient_start=&#8220;rgba(255,255,255,0)&#8220; background_color_gradient_end=&#8220;#ffffff&#8220; background_color_gradient_end_position=&#8220;80%&#8220; background_image=&#8220;https:\/\/www.tk-elektro.hr\/wp-content\/uploads\/2025\/06\/golf_course_40.png&#8220; background_size=&#8220;contain&#8220; background_position=&#8220;top_center&#8220; custom_padding=&#8220;80px|20px|80px|20px&#8220; global_colors_info=&#8220;{}&#8220; custom_padding__hover=&#8220;|||&#8220;][et_pb_blurb title=&#8220;WARTUNG &#8220; use_icon=&#8220;on&#8220; font_icon=&#8220;&#xe05d;||fa||900&#8243; icon_color=&#8220;#31B840&#8243; image_icon_background_color=&#8220;RGBA(255,255,255,0)&#8220; image_icon_width=&#8220;36px&#8220; content_max_width=&#8220;320px&#8220; _builder_version=&#8220;4.27.4&#8243; header_font=&#8220;|700|||||||&#8220; header_font_size=&#8220;18px&#8220; header_line_height=&#8220;1.6em&#8220; body_font=&#8220;||||||||&#8220; body_line_height=&#8220;1.9em&#8220; text_orientation=&#8220;center&#8220; animation_style=&#8220;zoom&#8220; animation_intensity_zoom=&#8220;2%&#8220; animation=&#8220;off&#8220; global_colors_info=&#8220;{}&#8220;]<\/p>\n<p>Pr\u00e4ventive Kontrollen, regelm\u00e4\u00dfige technische \u00dcberpr\u00fcfungen, Schmierung, Reinigung und Optimierung des Maschinenbetriebs zur Vermeidung von Stillst\u00e4nden und zur Reduzierung der Kosten f\u00fcr ungeplante Interventionen.<\/p>\n<p>[\/et_pb_blurb][\/et_pb_column][\/et_pb_row][et_pb_row _builder_version=&#8220;4.27.4&#8243; _module_preset=&#8220;default&#8220; global_colors_info=&#8220;{}&#8220;][et_pb_column type=&#8220;4_4&#8243; _builder_version=&#8220;4.27.4&#8243; _module_preset=&#8220;default&#8220; global_colors_info=&#8220;{}&#8220;][et_pb_gallery gallery_ids=&#8220;97,98,99,100,101,102,103,104,105,106,107,108,109,110,111,112,113,114,115,116,117,118,119,120,121,122,123,124,125,126,127,128,129,130,131,132,133,134,135,136,137,138,139,140,141,142,143,144,145,146,147,148,149,150,151,152&#8243; posts_number=&#8220;8&#8243; show_title_and_caption=&#8220;off&#8220; _builder_version=&#8220;4.27.4&#8243; _module_preset=&#8220;default&#8220; global_colors_info=&#8220;{}&#8220;][\/et_pb_gallery][\/et_pb_column][\/et_pb_row][\/et_pb_section]<\/p>\n","protected":false},"excerpt":{"rendered":"<p>Montage, Service und Wartung von Industriemaschinen und -anlagenEin verl\u00e4sslicher Partner f\u00fcr alle Phasen des technischen Supports \u2013 von der Erstmontage bis zur langfristigen Wartung. Wir sind spezialisiert auf professionelle Montage, Qualit\u00e4tsservice und vorbeugende Wartung von Industriemaschinen, Transportsystemen und automatisierten Ger\u00e4ten in verschiedenen Branchenzweigen. Mit einem hohen Ma\u00df an Fachwissen und Erfahrung, die bei internationalen Projekten [&hellip;]<\/p>\n","protected":false},"author":1,"featured_media":0,"parent":0,"menu_order":0,"comment_status":"closed","ping_status":"closed","template":"","meta":{"_et_pb_use_builder":"on","_et_pb_old_content":"","_et_gb_content_width":"","footnotes":""},"class_list":["post-588","page","type-page","status-publish","hentry"],"yoast_head":"<!-- This site is optimized with the Yoast SEO plugin v25.3.1 - https:\/\/yoast.com\/wordpress\/plugins\/seo\/ -->\n<title>Montage, Service und Wartung von Industriemaschinen und -anlagen - TK-ELEKTRO d.o.o.<\/title>\n<meta name=\"robots\" content=\"index, follow, max-snippet:-1, max-image-preview:large, max-video-preview:-1\" \/>\n<link rel=\"canonical\" href=\"https:\/\/www.tk-elektro.hr\/de\/montage-service-und-wartung-von-industriemaschinen-und-anlagen\/\" \/>\n<meta property=\"og:locale\" content=\"de_DE\" \/>\n<meta property=\"og:type\" content=\"article\" \/>\n<meta property=\"og:title\" content=\"Montage, Service und Wartung von Industriemaschinen und -anlagen - TK-ELEKTRO d.o.o.\" \/>\n<meta property=\"og:description\" content=\"Montage, Service und Wartung von Industriemaschinen und -anlagenEin verl\u00e4sslicher Partner f\u00fcr alle Phasen des technischen Supports \u2013 von der Erstmontage bis zur langfristigen Wartung. Wir sind spezialisiert auf professionelle Montage, Qualit\u00e4tsservice und vorbeugende Wartung von Industriemaschinen, Transportsystemen und automatisierten Ger\u00e4ten in verschiedenen Branchenzweigen. Mit einem hohen Ma\u00df an Fachwissen und Erfahrung, die bei internationalen Projekten [&hellip;]\" \/>\n<meta property=\"og:url\" content=\"https:\/\/www.tk-elektro.hr\/de\/montage-service-und-wartung-von-industriemaschinen-und-anlagen\/\" \/>\n<meta property=\"og:site_name\" content=\"TK-ELEKTRO d.o.o.\" \/>\n<meta property=\"article:modified_time\" content=\"2025-06-26T16:35:06+00:00\" \/>\n<meta name=\"twitter:card\" content=\"summary_large_image\" \/>\n<meta name=\"twitter:label1\" content=\"Gesch\u00e4tzte Lesezeit\" \/>\n\t<meta name=\"twitter:data1\" content=\"8\u00a0Minuten\" \/>\n<script type=\"application\/ld+json\" class=\"yoast-schema-graph\">{\"@context\":\"https:\/\/schema.org\",\"@graph\":[{\"@type\":\"WebPage\",\"@id\":\"https:\/\/www.tk-elektro.hr\/de\/montage-service-und-wartung-von-industriemaschinen-und-anlagen\/\",\"url\":\"https:\/\/www.tk-elektro.hr\/de\/montage-service-und-wartung-von-industriemaschinen-und-anlagen\/\",\"name\":\"Montage, Service und Wartung von Industriemaschinen und -anlagen - TK-ELEKTRO d.o.o.\",\"isPartOf\":{\"@id\":\"https:\/\/www.tk-elektro.hr\/#website\"},\"datePublished\":\"2025-06-23T12:36:06+00:00\",\"dateModified\":\"2025-06-26T16:35:06+00:00\",\"breadcrumb\":{\"@id\":\"https:\/\/www.tk-elektro.hr\/de\/montage-service-und-wartung-von-industriemaschinen-und-anlagen\/#breadcrumb\"},\"inLanguage\":\"de\",\"potentialAction\":[{\"@type\":\"ReadAction\",\"target\":[\"https:\/\/www.tk-elektro.hr\/de\/montage-service-und-wartung-von-industriemaschinen-und-anlagen\/\"]}]},{\"@type\":\"BreadcrumbList\",\"@id\":\"https:\/\/www.tk-elektro.hr\/de\/montage-service-und-wartung-von-industriemaschinen-und-anlagen\/#breadcrumb\",\"itemListElement\":[{\"@type\":\"ListItem\",\"position\":1,\"name\":\"Po\u010detna stranica\",\"item\":\"https:\/\/www.tk-elektro.hr\/de\/\"},{\"@type\":\"ListItem\",\"position\":2,\"name\":\"Montage, Service und Wartung von Industriemaschinen und -anlagen\"}]},{\"@type\":\"WebSite\",\"@id\":\"https:\/\/www.tk-elektro.hr\/#website\",\"url\":\"https:\/\/www.tk-elektro.hr\/\",\"name\":\"TK-ELEKTRO d.o.o.\",\"description\":\"MONTA\u017dA, SERVIS I ODR\u017dAVANJE INDUSTRIJSKIH STROJEVA I NAPRAVA\",\"potentialAction\":[{\"@type\":\"SearchAction\",\"target\":{\"@type\":\"EntryPoint\",\"urlTemplate\":\"https:\/\/www.tk-elektro.hr\/?s={search_term_string}\"},\"query-input\":{\"@type\":\"PropertyValueSpecification\",\"valueRequired\":true,\"valueName\":\"search_term_string\"}}],\"inLanguage\":\"de\"}]}<\/script>\n<!-- \/ Yoast SEO plugin. -->","yoast_head_json":{"title":"Montage, Service und Wartung von Industriemaschinen und -anlagen - TK-ELEKTRO d.o.o.","robots":{"index":"index","follow":"follow","max-snippet":"max-snippet:-1","max-image-preview":"max-image-preview:large","max-video-preview":"max-video-preview:-1"},"canonical":"https:\/\/www.tk-elektro.hr\/de\/montage-service-und-wartung-von-industriemaschinen-und-anlagen\/","og_locale":"de_DE","og_type":"article","og_title":"Montage, Service und Wartung von Industriemaschinen und -anlagen - TK-ELEKTRO d.o.o.","og_description":"Montage, Service und Wartung von Industriemaschinen und -anlagenEin verl\u00e4sslicher Partner f\u00fcr alle Phasen des technischen Supports \u2013 von der Erstmontage bis zur langfristigen Wartung. Wir sind spezialisiert auf professionelle Montage, Qualit\u00e4tsservice und vorbeugende Wartung von Industriemaschinen, Transportsystemen und automatisierten Ger\u00e4ten in verschiedenen Branchenzweigen. Mit einem hohen Ma\u00df an Fachwissen und Erfahrung, die bei internationalen Projekten [&hellip;]","og_url":"https:\/\/www.tk-elektro.hr\/de\/montage-service-und-wartung-von-industriemaschinen-und-anlagen\/","og_site_name":"TK-ELEKTRO d.o.o.","article_modified_time":"2025-06-26T16:35:06+00:00","twitter_card":"summary_large_image","twitter_misc":{"Gesch\u00e4tzte Lesezeit":"8\u00a0Minuten"},"schema":{"@context":"https:\/\/schema.org","@graph":[{"@type":"WebPage","@id":"https:\/\/www.tk-elektro.hr\/de\/montage-service-und-wartung-von-industriemaschinen-und-anlagen\/","url":"https:\/\/www.tk-elektro.hr\/de\/montage-service-und-wartung-von-industriemaschinen-und-anlagen\/","name":"Montage, Service und Wartung von Industriemaschinen und -anlagen - TK-ELEKTRO d.o.o.","isPartOf":{"@id":"https:\/\/www.tk-elektro.hr\/#website"},"datePublished":"2025-06-23T12:36:06+00:00","dateModified":"2025-06-26T16:35:06+00:00","breadcrumb":{"@id":"https:\/\/www.tk-elektro.hr\/de\/montage-service-und-wartung-von-industriemaschinen-und-anlagen\/#breadcrumb"},"inLanguage":"de","potentialAction":[{"@type":"ReadAction","target":["https:\/\/www.tk-elektro.hr\/de\/montage-service-und-wartung-von-industriemaschinen-und-anlagen\/"]}]},{"@type":"BreadcrumbList","@id":"https:\/\/www.tk-elektro.hr\/de\/montage-service-und-wartung-von-industriemaschinen-und-anlagen\/#breadcrumb","itemListElement":[{"@type":"ListItem","position":1,"name":"Po\u010detna stranica","item":"https:\/\/www.tk-elektro.hr\/de\/"},{"@type":"ListItem","position":2,"name":"Montage, Service und Wartung von Industriemaschinen und -anlagen"}]},{"@type":"WebSite","@id":"https:\/\/www.tk-elektro.hr\/#website","url":"https:\/\/www.tk-elektro.hr\/","name":"TK-ELEKTRO d.o.o.","description":"MONTA\u017dA, SERVIS I ODR\u017dAVANJE INDUSTRIJSKIH STROJEVA I NAPRAVA","potentialAction":[{"@type":"SearchAction","target":{"@type":"EntryPoint","urlTemplate":"https:\/\/www.tk-elektro.hr\/?s={search_term_string}"},"query-input":{"@type":"PropertyValueSpecification","valueRequired":true,"valueName":"search_term_string"}}],"inLanguage":"de"}]}},"_links":{"self":[{"href":"https:\/\/www.tk-elektro.hr\/de\/wp-json\/wp\/v2\/pages\/588","targetHints":{"allow":["GET"]}}],"collection":[{"href":"https:\/\/www.tk-elektro.hr\/de\/wp-json\/wp\/v2\/pages"}],"about":[{"href":"https:\/\/www.tk-elektro.hr\/de\/wp-json\/wp\/v2\/types\/page"}],"author":[{"embeddable":true,"href":"https:\/\/www.tk-elektro.hr\/de\/wp-json\/wp\/v2\/users\/1"}],"replies":[{"embeddable":true,"href":"https:\/\/www.tk-elektro.hr\/de\/wp-json\/wp\/v2\/comments?post=588"}],"version-history":[{"count":3,"href":"https:\/\/www.tk-elektro.hr\/de\/wp-json\/wp\/v2\/pages\/588\/revisions"}],"predecessor-version":[{"id":631,"href":"https:\/\/www.tk-elektro.hr\/de\/wp-json\/wp\/v2\/pages\/588\/revisions\/631"}],"wp:attachment":[{"href":"https:\/\/www.tk-elektro.hr\/de\/wp-json\/wp\/v2\/media?parent=588"}],"curies":[{"name":"wp","href":"https:\/\/api.w.org\/{rel}","templated":true}]}}