{"id":587,"date":"2025-06-23T14:34:35","date_gmt":"2025-06-23T12:34:35","guid":{"rendered":"https:\/\/www.tk-elektro.hr\/impressum\/"},"modified":"2025-06-23T14:34:35","modified_gmt":"2025-06-23T12:34:35","slug":"impressum","status":"publish","type":"page","link":"https:\/\/www.tk-elektro.hr\/de\/impressum\/","title":{"rendered":"Impressum"},"content":{"rendered":"<p>[et_pb_section fb_built=&#8220;1&#8243; theme_builder_area=&#8220;post_content&#8220; _builder_version=&#8220;4.27.4&#8243; _module_preset=&#8220;default&#8220;][et_pb_row _builder_version=&#8220;4.27.4&#8243; _module_preset=&#8220;default&#8220; theme_builder_area=&#8220;post_content&#8220;][et_pb_column _builder_version=&#8220;4.27.4&#8243; _module_preset=&#8220;default&#8220; type=&#8220;4_4&#8243; theme_builder_area=&#8220;post_content&#8220;][et_pb_text _builder_version=&#8220;4.27.4&#8243; _module_preset=&#8220;default&#8220; theme_builder_area=&#8220;post_content&#8220; hover_enabled=&#8220;0&#8243; sticky_enabled=&#8220;0&#8243;]<\/p>\n<h1><strong>Impressum<\/strong><\/h1>\n<p><strong><\/strong><\/p>\n<p><strong>TK-ELEKTRO d.o.o. za usluge i trgovinu<\/strong><\/p>\n<p><strong>TK-ELEKTRO d.o.o.<\/strong><\/p>\n<p><strong>Hauptsitz:<\/strong> Ulica Stjepana Vukovi\u0107a 8A, HR-42000 VARA\u017dDIN <\/p>\n<p><strong>Rechtsbeziehungen &#8211; Gr\u00fcndungsakt:<\/strong><\/p>\n<p>Gesellschaftsvertrag der Handelsgesellschaft TK-ELEKTRO d.o.o. vom 09.08.2019.<\/p>\n<p>Das Unternehmen wurde mit Beschluss des Handelsgerichts Vara\u017edin unter dem Aktenzeichen Tt-19\/2598-2 vom 13 August 2019 in das Handelsregister eingetragen. Eintragsnummer 1, f\u00fcr das eingetragene Unternehmen mit der Firmenbuchnummer (MBS): 070172125<\/p>\n<p><strong>Stammkapital:<\/strong> 2.654,46 euro<\/p>\n<p><strong>Gesch\u00e4ftsbank:<\/strong> RAIFFEISENBANK AUSTRIA d.d. Zagreb<\/p>\n<p><strong>IBAN:<\/strong> HR8324840081135126223<\/p>\n<p><strong>OIB (VAT ID):<\/strong> 92811678813<\/p>\n<p><strong>EUID:<\/strong> HRSR.070172125<\/p>\n<p><strong>Vertretungsberechtigte Personen:<\/strong><\/p>\n<p>Leonard Kocijan, Gesch\u00e4ftsf\u00fchrer, vertritt die Gesellschaft einzeln und eigenst\u00e4ndig. <\/p>\n<p>Leon Toma\u0161i\u0107, Gesch\u00e4ftsf\u00fchrer, vertritt die Gesellschaft einzeln und eigenst\u00e4ndig. <\/p>\n<p>[\/et_pb_text][\/et_pb_column][\/et_pb_row][\/et_pb_section]<\/p>\n","protected":false},"excerpt":{"rendered":"<p>Impressum TK-ELEKTRO d.o.o. za usluge i trgovinu TK-ELEKTRO d.o.o. Hauptsitz: Ulica Stjepana Vukovi\u0107a 8A, HR-42000 VARA\u017dDIN Rechtsbeziehungen &#8211; Gr\u00fcndungsakt: Gesellschaftsvertrag der Handelsgesellschaft TK-ELEKTRO d.o.o. vom 09.08.2019. Das Unternehmen wurde mit Beschluss des Handelsgerichts Vara\u017edin unter dem Aktenzeichen Tt-19\/2598-2 vom 13 August 2019 in das Handelsregister eingetragen. Eintragsnummer 1, f\u00fcr das eingetragene Unternehmen mit der Firmenbuchnummer [&hellip;]<\/p>\n","protected":false},"author":1,"featured_media":0,"parent":0,"menu_order":0,"comment_status":"closed","ping_status":"closed","template":"","meta":{"_et_pb_use_builder":"on","_et_pb_old_content":"","_et_gb_content_width":"","footnotes":""},"class_list":["post-587","page","type-page","status-publish","hentry"],"yoast_head":"<!-- This site is optimized with the Yoast SEO plugin v25.3.1 - https:\/\/yoast.com\/wordpress\/plugins\/seo\/ -->\n<title>Impressum - TK-ELEKTRO d.o.o.<\/title>\n<meta name=\"robots\" content=\"index, follow, max-snippet:-1, max-image-preview:large, max-video-preview:-1\" \/>\n<link rel=\"canonical\" href=\"https:\/\/www.tk-elektro.hr\/impressum\/\" \/>\n<meta property=\"og:locale\" content=\"de_DE\" \/>\n<meta property=\"og:type\" content=\"article\" \/>\n<meta property=\"og:title\" content=\"Impressum - TK-ELEKTRO d.o.o.\" \/>\n<meta property=\"og:description\" content=\"Impressum TK-ELEKTRO d.o.o. za usluge i trgovinu TK-ELEKTRO d.o.o. Hauptsitz: Ulica Stjepana Vukovi\u0107a 8A, HR-42000 VARA\u017dDIN Rechtsbeziehungen - Gr\u00fcndungsakt: Gesellschaftsvertrag der Handelsgesellschaft TK-ELEKTRO d.o.o. vom 09.08.2019. Das Unternehmen wurde mit Beschluss des Handelsgerichts Vara\u017edin unter dem Aktenzeichen Tt-19\/2598-2 vom 13 August 2019 in das Handelsregister eingetragen. Eintragsnummer 1, f\u00fcr das eingetragene Unternehmen mit der Firmenbuchnummer [&hellip;]\" \/>\n<meta property=\"og:url\" content=\"https:\/\/www.tk-elektro.hr\/impressum\/\" \/>\n<meta property=\"og:site_name\" content=\"TK-ELEKTRO d.o.o.\" \/>\n<meta name=\"twitter:card\" content=\"summary_large_image\" \/>\n<meta name=\"twitter:label1\" content=\"Gesch\u00e4tzte Lesezeit\" \/>\n\t<meta name=\"twitter:data1\" content=\"1\u00a0Minute\" \/>\n<script type=\"application\/ld+json\" class=\"yoast-schema-graph\">{\"@context\":\"https:\/\/schema.org\",\"@graph\":[{\"@type\":\"WebPage\",\"@id\":\"https:\/\/www.tk-elektro.hr\/impressum\/\",\"url\":\"https:\/\/www.tk-elektro.hr\/impressum\/\",\"name\":\"Impressum - TK-ELEKTRO d.o.o.\",\"isPartOf\":{\"@id\":\"https:\/\/www.tk-elektro.hr\/#website\"},\"datePublished\":\"2025-06-23T12:34:35+00:00\",\"breadcrumb\":{\"@id\":\"https:\/\/www.tk-elektro.hr\/impressum\/#breadcrumb\"},\"inLanguage\":\"de\",\"potentialAction\":[{\"@type\":\"ReadAction\",\"target\":[\"https:\/\/www.tk-elektro.hr\/impressum\/\"]}]},{\"@type\":\"BreadcrumbList\",\"@id\":\"https:\/\/www.tk-elektro.hr\/impressum\/#breadcrumb\",\"itemListElement\":[{\"@type\":\"ListItem\",\"position\":1,\"name\":\"Po\u010detna stranica\",\"item\":\"https:\/\/www.tk-elektro.hr\/de\/\"},{\"@type\":\"ListItem\",\"position\":2,\"name\":\"Impressum\"}]},{\"@type\":\"WebSite\",\"@id\":\"https:\/\/www.tk-elektro.hr\/#website\",\"url\":\"https:\/\/www.tk-elektro.hr\/\",\"name\":\"TK-ELEKTRO d.o.o.\",\"description\":\"MONTA\u017dA, SERVIS I ODR\u017dAVANJE INDUSTRIJSKIH STROJEVA I NAPRAVA\",\"potentialAction\":[{\"@type\":\"SearchAction\",\"target\":{\"@type\":\"EntryPoint\",\"urlTemplate\":\"https:\/\/www.tk-elektro.hr\/?s={search_term_string}\"},\"query-input\":{\"@type\":\"PropertyValueSpecification\",\"valueRequired\":true,\"valueName\":\"search_term_string\"}}],\"inLanguage\":\"de\"}]}<\/script>\n<!-- \/ Yoast SEO plugin. -->","yoast_head_json":{"title":"Impressum - TK-ELEKTRO d.o.o.","robots":{"index":"index","follow":"follow","max-snippet":"max-snippet:-1","max-image-preview":"max-image-preview:large","max-video-preview":"max-video-preview:-1"},"canonical":"https:\/\/www.tk-elektro.hr\/impressum\/","og_locale":"de_DE","og_type":"article","og_title":"Impressum - TK-ELEKTRO d.o.o.","og_description":"Impressum TK-ELEKTRO d.o.o. za usluge i trgovinu TK-ELEKTRO d.o.o. Hauptsitz: Ulica Stjepana Vukovi\u0107a 8A, HR-42000 VARA\u017dDIN Rechtsbeziehungen - Gr\u00fcndungsakt: Gesellschaftsvertrag der Handelsgesellschaft TK-ELEKTRO d.o.o. vom 09.08.2019. Das Unternehmen wurde mit Beschluss des Handelsgerichts Vara\u017edin unter dem Aktenzeichen Tt-19\/2598-2 vom 13 August 2019 in das Handelsregister eingetragen. Eintragsnummer 1, f\u00fcr das eingetragene Unternehmen mit der Firmenbuchnummer [&hellip;]","og_url":"https:\/\/www.tk-elektro.hr\/impressum\/","og_site_name":"TK-ELEKTRO d.o.o.","twitter_card":"summary_large_image","twitter_misc":{"Gesch\u00e4tzte Lesezeit":"1\u00a0Minute"},"schema":{"@context":"https:\/\/schema.org","@graph":[{"@type":"WebPage","@id":"https:\/\/www.tk-elektro.hr\/impressum\/","url":"https:\/\/www.tk-elektro.hr\/impressum\/","name":"Impressum - TK-ELEKTRO d.o.o.","isPartOf":{"@id":"https:\/\/www.tk-elektro.hr\/#website"},"datePublished":"2025-06-23T12:34:35+00:00","breadcrumb":{"@id":"https:\/\/www.tk-elektro.hr\/impressum\/#breadcrumb"},"inLanguage":"de","potentialAction":[{"@type":"ReadAction","target":["https:\/\/www.tk-elektro.hr\/impressum\/"]}]},{"@type":"BreadcrumbList","@id":"https:\/\/www.tk-elektro.hr\/impressum\/#breadcrumb","itemListElement":[{"@type":"ListItem","position":1,"name":"Po\u010detna stranica","item":"https:\/\/www.tk-elektro.hr\/de\/"},{"@type":"ListItem","position":2,"name":"Impressum"}]},{"@type":"WebSite","@id":"https:\/\/www.tk-elektro.hr\/#website","url":"https:\/\/www.tk-elektro.hr\/","name":"TK-ELEKTRO d.o.o.","description":"MONTA\u017dA, SERVIS I ODR\u017dAVANJE INDUSTRIJSKIH STROJEVA I NAPRAVA","potentialAction":[{"@type":"SearchAction","target":{"@type":"EntryPoint","urlTemplate":"https:\/\/www.tk-elektro.hr\/?s={search_term_string}"},"query-input":{"@type":"PropertyValueSpecification","valueRequired":true,"valueName":"search_term_string"}}],"inLanguage":"de"}]}},"_links":{"self":[{"href":"https:\/\/www.tk-elektro.hr\/de\/wp-json\/wp\/v2\/pages\/587","targetHints":{"allow":["GET"]}}],"collection":[{"href":"https:\/\/www.tk-elektro.hr\/de\/wp-json\/wp\/v2\/pages"}],"about":[{"href":"https:\/\/www.tk-elektro.hr\/de\/wp-json\/wp\/v2\/types\/page"}],"author":[{"embeddable":true,"href":"https:\/\/www.tk-elektro.hr\/de\/wp-json\/wp\/v2\/users\/1"}],"replies":[{"embeddable":true,"href":"https:\/\/www.tk-elektro.hr\/de\/wp-json\/wp\/v2\/comments?post=587"}],"version-history":[{"count":0,"href":"https:\/\/www.tk-elektro.hr\/de\/wp-json\/wp\/v2\/pages\/587\/revisions"}],"wp:attachment":[{"href":"https:\/\/www.tk-elektro.hr\/de\/wp-json\/wp\/v2\/media?parent=587"}],"curies":[{"name":"wp","href":"https:\/\/api.w.org\/{rel}","templated":true}]}}