{"id":582,"date":"2025-06-22T21:06:47","date_gmt":"2025-06-22T19:06:47","guid":{"rendered":"https:\/\/www.tk-elektro.hr\/startseite\/"},"modified":"2025-06-23T20:54:00","modified_gmt":"2025-06-23T18:54:00","slug":"startseite","status":"publish","type":"page","link":"https:\/\/www.tk-elektro.hr\/de\/","title":{"rendered":"Startseite"},"content":{"rendered":"<p>[et_pb_section fb_built=&#8220;1&#8243; fullwidth=&#8220;on&#8220; _builder_version=&#8220;4.16&#8243; global_colors_info=&#8220;{}&#8220;][et_pb_fullwidth_slider _builder_version=&#8220;4.27.4&#8243; height=&#8220;800px&#8220; height_tablet=&#8220;600px&#8220; height_phone=&#8220;400px&#8220; height_last_edited=&#8220;on|phone&#8220; z_index_tablet=&#8220;500&#8243; global_colors_info=&#8220;{}&#8220;][et_pb_slide use_bg_overlay=&#8220;off&#8220; use_text_overlay=&#8220;off&#8220; _builder_version=&#8220;4.27.4&#8243; background_enable_color=&#8220;off&#8220; background_image=&#8220;https:\/\/www.tk-elektro.hr\/wp-content\/uploads\/2025\/06\/1-scaled.jpg&#8220; background_enable_image=&#8220;on&#8220; parallax=&#8220;on&#8220; button_on_hover=&#8220;on&#8220; global_colors_info=&#8220;{}&#8220; sticky_transition=&#8220;on&#8220;][\/et_pb_slide][et_pb_slide use_bg_overlay=&#8220;off&#8220; use_text_overlay=&#8220;off&#8220; _builder_version=&#8220;4.27.4&#8243; background_color=&#8220;rgba(126,190,197,0)&#8220; background_image=&#8220;https:\/\/www.tk-elektro.hr\/wp-content\/uploads\/2025\/06\/2-scaled.jpg&#8220; background_enable_image=&#8220;on&#8220; parallax=&#8220;on&#8220; button_on_hover=&#8220;on&#8220; global_colors_info=&#8220;{}&#8220; sticky_transition=&#8220;on&#8220;][\/et_pb_slide][et_pb_slide use_bg_overlay=&#8220;off&#8220; use_text_overlay=&#8220;off&#8220; _builder_version=&#8220;4.27.4&#8243; background_color=&#8220;rgba(126,190,197,0)&#8220; background_image=&#8220;https:\/\/www.tk-elektro.hr\/wp-content\/uploads\/2025\/06\/3-scaled.jpg&#8220; background_enable_image=&#8220;on&#8220; parallax=&#8220;on&#8220; button_on_hover=&#8220;on&#8220; global_colors_info=&#8220;{}&#8220; sticky_transition=&#8220;on&#8220;][\/et_pb_slide][et_pb_slide use_bg_overlay=&#8220;off&#8220; use_text_overlay=&#8220;off&#8220; _builder_version=&#8220;4.27.4&#8243; background_color=&#8220;rgba(126,190,197,0)&#8220; background_image=&#8220;https:\/\/www.tk-elektro.hr\/wp-content\/uploads\/2025\/06\/4-2.jpg&#8220; background_enable_image=&#8220;on&#8220; parallax=&#8220;on&#8220; button_on_hover=&#8220;on&#8220; global_colors_info=&#8220;{}&#8220; sticky_transition=&#8220;on&#8220;][\/et_pb_slide][et_pb_slide use_bg_overlay=&#8220;off&#8220; use_text_overlay=&#8220;off&#8220; _builder_version=&#8220;4.27.4&#8243; background_color=&#8220;rgba(126,190,197,0)&#8220; background_image=&#8220;https:\/\/www.tk-elektro.hr\/wp-content\/uploads\/2025\/06\/5-scaled.jpg&#8220; background_enable_image=&#8220;on&#8220; parallax=&#8220;on&#8220; button_on_hover=&#8220;on&#8220; global_colors_info=&#8220;{}&#8220; sticky_transition=&#8220;on&#8220;][\/et_pb_slide][et_pb_slide use_bg_overlay=&#8220;off&#8220; use_text_overlay=&#8220;off&#8220; _builder_version=&#8220;4.27.4&#8243; background_color=&#8220;rgba(126,190,197,0)&#8220; background_image=&#8220;https:\/\/www.tk-elektro.hr\/wp-content\/uploads\/2025\/06\/6-scaled.jpg&#8220; background_enable_image=&#8220;on&#8220; parallax=&#8220;on&#8220; button_on_hover=&#8220;on&#8220; global_colors_info=&#8220;{}&#8220; sticky_transition=&#8220;on&#8220;][\/et_pb_slide][\/et_pb_fullwidth_slider][\/et_pb_section][et_pb_section fb_built=&#8220;1&#8243; next_background_color=&#8220;#ffffff&#8220; admin_label=&#8220;About&#8220; _builder_version=&#8220;4.16&#8243; use_background_color_gradient=&#8220;on&#8220; background_color_gradient_stops=&#8220;#ffffff 0%|#f2f2f2 100%&#8220; background_color_gradient_start=&#8220;#ffffff&#8220; background_color_gradient_end=&#8220;#f2f2f2&#8243; bottom_divider_style=&#8220;wave&#8220; bottom_divider_height=&#8220;100%&#8220; bottom_divider_repeat=&#8220;0.7x&#8220; bottom_divider_flip=&#8220;horizontal|vertical&#8220; bottom_divider_height_tablet=&#8220;30vw&#8220; bottom_divider_height_phone=&#8220;30vw&#8220; bottom_divider_height_last_edited=&#8220;on|phone&#8220; global_colors_info=&#8220;{}&#8220;][et_pb_row column_structure=&#8220;1_2,1_2&#8243; _builder_version=&#8220;4.16&#8243; global_colors_info=&#8220;{}&#8220;][et_pb_column type=&#8220;1_2&#8243; _builder_version=&#8220;4.16&#8243; custom_padding=&#8220;|||&#8220; global_colors_info=&#8220;{}&#8220; custom_padding__hover=&#8220;|||&#8220;][et_pb_image src=&#8220;https:\/\/www.tk-elektro.hr\/wp-content\/uploads\/2025\/06\/12-1.jpg&#8220; title_text=&#8220;12&#8243; align_tablet=&#8220;center&#8220; align_phone=&#8220;center&#8220; align_last_edited=&#8220;on|desktop&#8220; _builder_version=&#8220;4.27.4&#8243; custom_margin=&#8220;||||false|false&#8220; custom_margin_tablet=&#8220;||0vw|&#8220; custom_margin_phone=&#8220;&#8220; custom_margin_last_edited=&#8220;on|tablet&#8220; box_shadow_style=&#8220;preset3&#8243; box_shadow_vertical=&#8220;45px&#8220; box_shadow_blur=&#8220;130px&#8220; box_shadow_spread=&#8220;-20px&#8220; box_shadow_color=&#8220;rgba(0,0,0,0.25)&#8220; global_colors_info=&#8220;{}&#8220;][\/et_pb_image][\/et_pb_column][et_pb_column type=&#8220;1_2&#8243; _builder_version=&#8220;4.16&#8243; custom_padding=&#8220;|||&#8220; global_colors_info=&#8220;{}&#8220; custom_padding__hover=&#8220;|||&#8220;][et_pb_text _builder_version=&#8220;4.27.4&#8243; header_font=&#8220;||||||||&#8220; header_2_font=&#8220;Oswald|500||on|on|||#81c100|&#8220; header_2_font_size=&#8220;48px&#8220; header_2_line_height=&#8220;1.6em&#8220; header_2_font_size_tablet=&#8220;32px&#8220; header_2_font_size_phone=&#8220;24px&#8220; header_2_font_size_last_edited=&#8220;on|tablet&#8220; global_colors_info=&#8220;{}&#8220;]<\/p>\n<h1><strong>TK-ELEKTRO d.o.o.<\/strong><span> <\/span><\/h1>\n<p>[\/et_pb_text][et_pb_text _builder_version=&#8220;4.27.4&#8243; text_font=&#8220;||||||||&#8220; text_line_height=&#8220;2em&#8220; text_font_size_tablet=&#8220;14px&#8220; text_font_size_phone=&#8220;&#8220; text_font_size_last_edited=&#8220;on|tablet&#8220; global_colors_info=&#8220;{}&#8220;]<\/p>\n<p><strong>TK-ELEKTRO d.o.o.<\/strong><span>ist ein modernes und dynamisches Unternehmen, das sich auf die Bereitstellung umfassender Elektrodienstleistungen im Industrie- und Privatsektor spezialisiert hat.<\/span><\/p>\n<p>Mit \u00fcber f\u00fcnf Jahren erfolgreicher Gesch\u00e4ftst\u00e4tigkeit und einem <span> <\/span><strong>Team von 15 erfahrenen und qualifizierten Mitarbeitern<\/strong>, gehen wir jedes Projekt verantwortungsbewusst, pr\u00e4zise und gem\u00e4\u00df den h\u00f6chsten professionellen Standards an.<\/p>\n<p>[\/et_pb_text][et_pb_button button_url=&#8220;\/de\/o-nama\/&#8220; button_text=&#8220;Mehr \u00fcber uns&#8220; _builder_version=&#8220;4.27.4&#8243; custom_button=&#8220;on&#8220; button_text_size=&#8220;14px&#8220; button_text_color=&#8220;#ffffff&#8220; button_bg_color=&#8220;#31B840&#8243; button_border_color=&#8220;rgba(0,0,0,0)&#8220; button_border_radius=&#8220;50px&#8220; button_letter_spacing=&#8220;2px&#8220; button_font=&#8220;|700||on|||||&#8220; button_icon=&#8220;E||divi||400&#8243; custom_padding=&#8220;15px|30px|15px|30px|true|true&#8220; global_colors_info=&#8220;{}&#8220;][\/et_pb_button][\/et_pb_column][\/et_pb_row][\/et_pb_section][et_pb_section fb_built=&#8220;1&#8243; admin_label=&#8220;Services&#8220; _builder_version=&#8220;4.16&#8243; custom_width_px__hover=&#8220;1080px&#8220; custom_width_px__hover_enabled=&#8220;1080px&#8220; custom_width_percent__hover=&#8220;80%&#8220; custom_width_percent__hover_enabled=&#8220;80%&#8220; global_colors_info=&#8220;{}&#8220; gutter_width__hover=&#8220;3&#8243; gutter_width__hover_enabled=&#8220;3&#8243; parallax_1__hover=&#8220;off&#8220; parallax_1__hover_enabled=&#8220;off&#8220; parallax_2__hover=&#8220;off&#8220; parallax_2__hover_enabled=&#8220;off&#8220; parallax_3__hover=&#8220;off&#8220; parallax_3__hover_enabled=&#8220;off&#8220; parallax_method_1__hover=&#8220;on&#8220; parallax_method_1__hover_enabled=&#8220;on&#8220; parallax_method_2__hover=&#8220;on&#8220; parallax_method_2__hover_enabled=&#8220;on&#8220; parallax_method_3__hover=&#8220;on&#8220; parallax_method_3__hover_enabled=&#8220;on&#8220; use_background_color_gradient__hover=&#8220;off&#8220; use_background_color_gradient__hover_enabled=&#8220;off&#8220; background_color_gradient_start__hover=&#8220;#2b87da&#8220; background_color_gradient_start__hover_enabled=&#8220;#2b87da&#8220; background_color_gradient_end__hover=&#8220;#29c4a9&#8243; background_color_gradient_end__hover_enabled=&#8220;#29c4a9&#8243; background_color_gradient_type__hover=&#8220;linear&#8220; background_color_gradient_type__hover_enabled=&#8220;linear&#8220; background_color_gradient_direction__hover=&#8220;180deg&#8220; background_color_gradient_direction__hover_enabled=&#8220;180deg&#8220; background_color_gradient_direction_radial__hover=&#8220;center&#8220; background_color_gradient_direction_radial__hover_enabled=&#8220;center&#8220; background_color_gradient_start_position__hover=&#8220;0%&#8220; background_color_gradient_start_position__hover_enabled=&#8220;0%&#8220; background_color_gradient_end_position__hover=&#8220;100%&#8220; background_color_gradient_end_position__hover_enabled=&#8220;100%&#8220; background_color_gradient_overlays_image__hover=&#8220;off&#8220; background_color_gradient_overlays_image__hover_enabled=&#8220;off&#8220; parallax__hover=&#8220;off&#8220; parallax__hover_enabled=&#8220;off&#8220; parallax_method__hover=&#8220;on&#8220; parallax_method__hover_enabled=&#8220;on&#8220; background_size__hover=&#8220;cover&#8220; background_size__hover_enabled=&#8220;cover&#8220; background_position__hover=&#8220;center&#8220; background_position__hover_enabled=&#8220;center&#8220; background_repeat__hover=&#8220;no-repeat&#8220; background_repeat__hover_enabled=&#8220;no-repeat&#8220; background_blend__hover=&#8220;normal&#8220; background_blend__hover_enabled=&#8220;normal&#8220; allow_player_pause__hover=&#8220;off&#8220; allow_player_pause__hover_enabled=&#8220;off&#8220; background_video_pause_outside_viewport__hover=&#8220;on&#8220; background_video_pause_outside_viewport__hover_enabled=&#8220;on&#8220; inner_shadow__hover=&#8220;off&#8220; inner_shadow__hover_enabled=&#8220;off&#8220; make_fullwidth__hover=&#8220;off&#8220; make_fullwidth__hover_enabled=&#8220;off&#8220; use_custom_width__hover=&#8220;off&#8220; use_custom_width__hover_enabled=&#8220;off&#8220; width_unit__hover=&#8220;on&#8220; width_unit__hover_enabled=&#8220;on&#8220; make_equal__hover=&#8220;off&#8220; make_equal__hover_enabled=&#8220;off&#8220; use_custom_gutter__hover=&#8220;off&#8220; use_custom_gutter__hover_enabled=&#8220;off&#8220; border_radii__hover=&#8220;on||||&#8220; border_radii__hover_enabled=&#8220;on||||&#8220; box_shadow_style__hover=&#8220;none&#8220; box_shadow_style__hover_enabled=&#8220;none&#8220; box_shadow_color__hover=&#8220;rgba(0,0,0,0.3)&#8220; box_shadow_color__hover_enabled=&#8220;rgba(0,0,0,0.3)&#8220; max_width__hover=&#8220;100%&#8220; max_width__hover_enabled=&#8220;100%&#8220; filter_hue_rotate__hover=&#8220;0deg&#8220; filter_hue_rotate__hover_enabled=&#8220;0deg&#8220; filter_saturate__hover=&#8220;100%&#8220; filter_saturate__hover_enabled=&#8220;100%&#8220; filter_brightness__hover=&#8220;100%&#8220; filter_brightness__hover_enabled=&#8220;100%&#8220; filter_contrast__hover=&#8220;100%&#8220; filter_contrast__hover_enabled=&#8220;100%&#8220; filter_invert__hover=&#8220;0%&#8220; filter_invert__hover_enabled=&#8220;0%&#8220; filter_sepia__hover=&#8220;0%&#8220; filter_sepia__hover_enabled=&#8220;0%&#8220; filter_opacity__hover=&#8220;100%&#8220; filter_opacity__hover_enabled=&#8220;100%&#8220; filter_blur__hover=&#8220;0px&#8220; filter_blur__hover_enabled=&#8220;0px&#8220; mix_blend_mode__hover=&#8220;normal&#8220; mix_blend_mode__hover_enabled=&#8220;normal&#8220; animation_style__hover=&#8220;none&#8220; animation_style__hover_enabled=&#8220;none&#8220; animation_repeat__hover=&#8220;once&#8220; animation_repeat__hover_enabled=&#8220;once&#8220; animation_direction__hover=&#8220;center&#8220; animation_direction__hover_enabled=&#8220;center&#8220; animation_duration__hover=&#8220;1000ms&#8220; animation_duration__hover_enabled=&#8220;1000ms&#8220; animation_delay__hover=&#8220;0ms&#8220; animation_delay__hover_enabled=&#8220;0ms&#8220; animation_intensity_slide__hover=&#8220;50%&#8220; animation_intensity_slide__hover_enabled=&#8220;50%&#8220; animation_intensity_zoom__hover=&#8220;50%&#8220; animation_intensity_zoom__hover_enabled=&#8220;50%&#8220; animation_intensity_flip__hover=&#8220;50%&#8220; animation_intensity_flip__hover_enabled=&#8220;50%&#8220; animation_intensity_fold__hover=&#8220;50%&#8220; animation_intensity_fold__hover_enabled=&#8220;50%&#8220; animation_intensity_roll__hover=&#8220;50%&#8220; animation_intensity_roll__hover_enabled=&#8220;50%&#8220; animation_starting_opacity__hover=&#8220;0%&#8220; animation_starting_opacity__hover_enabled=&#8220;0%&#8220; animation_speed_curve__hover=&#8220;ease-in-out&#8220; animation_speed_curve__hover_enabled=&#8220;ease-in-out&#8220; hover_transition_duration__hover=&#8220;300ms&#8220; hover_transition_duration__hover_enabled=&#8220;300ms&#8220; hover_transition_delay__hover=&#8220;0ms&#8220; hover_transition_delay__hover_enabled=&#8220;0ms&#8220; hover_transition_speed_curve__hover=&#8220;ease&#8220; hover_transition_speed_curve__hover_enabled=&#8220;ease&#8220; background_color_gradient_stops__hover=&#8220;#2b87da 0%|#29c4a9 100%&#8220;][et_pb_row _builder_version=&#8220;4.27.4&#8243; _module_preset=&#8220;default&#8220; global_colors_info=&#8220;{}&#8220;][et_pb_column type=&#8220;4_4&#8243; _builder_version=&#8220;4.27.4&#8243; _module_preset=&#8220;default&#8220; global_colors_info=&#8220;{}&#8220;][et_pb_text _builder_version=&#8220;4.27.4&#8243; _module_preset=&#8220;default&#8220; global_colors_info=&#8220;{}&#8220;]<\/p>\n<h2 style=\"text-align: center;\"> <strong>Unsere Schl\u00fcssel-Dienstleistungen umfassen<\/strong><\/h2>\n<p>[\/et_pb_text][\/et_pb_column][\/et_pb_row][et_pb_row column_structure=&#8220;1_3,1_3,1_3&#8243; use_custom_gutter=&#8220;on&#8220; gutter_width=&#8220;2&#8243; make_equal=&#8220;on&#8220; _builder_version=&#8220;4.27.4&#8243; hover_enabled=&#8220;0&#8243; global_colors_info=&#8220;{}&#8220; module_id=&#8220;usluge&#8220; sticky_enabled=&#8220;0&#8243;][et_pb_column type=&#8220;1_3&#8243; _builder_version=&#8220;4.27.4&#8243; _module_preset=&#8220;default&#8220; global_colors_info=&#8220;{}&#8220;][et_pb_blurb title=&#8220;Montage, Service und Wartung von Industriemaschinen und -anlagen&#8220; url=&#8220;\/montaza-servis-i-odrzavanje-industrijskih-strojeva-i-naprava\/&#8220; use_icon=&#8220;on&#8220; font_icon=&#8220;\ue0fe||divi||400&#8243; icon_color=&#8220;#31B840&#8243; image_icon_width=&#8220;40px&#8220; _builder_version=&#8220;4.27.4&#8243; header_font=&#8220;|700|||||||&#8220; header_font_size=&#8220;20px&#8220; header_letter_spacing=&#8220;1px&#8220; header_line_height=&#8220;1.4em&#8220; background_color=&#8220;#ffffff&#8220; text_orientation=&#8220;center&#8220; custom_padding=&#8220;30px|20px|30px|20px|true|true&#8220; animation_style=&#8220;slide&#8220; animation_direction=&#8220;bottom&#8220; animation_intensity_slide=&#8220;5%&#8220; animation=&#8220;off&#8220; link_option_url=&#8220;\/montaza-servis-i-odrzavanje-industrijskih-strojeva-i-naprava\/&#8220; border_width_all=&#8220;1px&#8220; border_color_all=&#8220;#f4f4f4&#8243; box_shadow_style=&#8220;preset2&#8243; box_shadow_horizontal=&#8220;0px&#8220; box_shadow_vertical=&#8220;35px&#8220; box_shadow_blur=&#8220;80px&#8220; box_shadow_spread=&#8220;-25px&#8220; box_shadow_color=&#8220;rgba(0,0,0,0.15)&#8220; image_max_width=&#8220;64px&#8220; locked=&#8220;off&#8220; global_colors_info=&#8220;{}&#8220; box_shadow_blur__hover=&#8220;125px&#8220; box_shadow_blur__hover_enabled=&#8220;on&#8220; box_shadow_color__hover=&#8220;rgba(0,0,0,0.3)&#8220; box_shadow_color__hover_enabled=&#8220;on&#8220; custom_margin__hover=&#8220;-5px||&#8220; custom_margin__hover_enabled=&#8220;on&#8220;]<\/p>\n<p>Egal ob es sich um ein Logistikzentrum, eine Produktionshalle oder eine spezialisierte Anlage handelt, unsere L\u00f6sungen gew\u00e4hrleisten ein hohes Ma\u00df an Betriebsbereitschaft und maximale Produktivit\u00e4t.<\/p>\n<p>[\/et_pb_blurb][\/et_pb_column][et_pb_column type=&#8220;1_3&#8243; _builder_version=&#8220;4.16&#8243; custom_padding=&#8220;|||&#8220; global_colors_info=&#8220;{}&#8220; custom_padding__hover=&#8220;|||&#8220;][et_pb_blurb title=&#8220;Elektroinstallationsarbeiten&#8220; url=&#8220;\/elektroinstalacijski-radovi\/&#8220; use_icon=&#8220;on&#8220; font_icon=&#8220;\uf0eb||fa||400&#8243; icon_color=&#8220;#31B840&#8243; image_icon_width=&#8220;40px&#8220; _builder_version=&#8220;4.27.4&#8243; header_font=&#8220;|700|||||||&#8220; header_font_size=&#8220;20px&#8220; header_letter_spacing=&#8220;1px&#8220; header_line_height=&#8220;1.4em&#8220; background_color=&#8220;#ffffff&#8220; text_orientation=&#8220;center&#8220; custom_padding=&#8220;30px|20px|30px|20px|true|true&#8220; animation_style=&#8220;slide&#8220; animation_direction=&#8220;bottom&#8220; animation_intensity_slide=&#8220;5%&#8220; animation=&#8220;off&#8220; link_option_url=&#8220;\/elektroinstalacijski-radovi\/&#8220; border_width_all=&#8220;1px&#8220; border_color_all=&#8220;#f4f4f4&#8243; box_shadow_style=&#8220;preset2&#8243; box_shadow_horizontal=&#8220;0px&#8220; box_shadow_vertical=&#8220;35px&#8220; box_shadow_blur=&#8220;80px&#8220; box_shadow_spread=&#8220;-25px&#8220; box_shadow_color=&#8220;rgba(0,0,0,0.15)&#8220; image_max_width=&#8220;64px&#8220; locked=&#8220;off&#8220; global_colors_info=&#8220;{}&#8220; box_shadow_blur__hover=&#8220;125px&#8220; box_shadow_blur__hover_enabled=&#8220;on&#8220; box_shadow_color__hover=&#8220;rgba(0,0,0,0.3)&#8220; box_shadow_color__hover_enabled=&#8220;on&#8220; custom_margin__hover=&#8220;-5px||&#8220; custom_margin__hover_enabled=&#8220;on&#8220;]<\/p>\n<p>Egal, ob Sie eine komplett neue Elektroinstallationsl\u00f6sung oder einen professionellen Service f\u00fcr bestehende Installationen ben\u00f6tigen, wir sind f\u00fcr Sie da, um die Sicherheit, Stabilit\u00e4t und Funktionalit\u00e4t Ihres elektrischen Systems zu gew\u00e4hrleisten.<\/p>\n<p>[\/et_pb_blurb][\/et_pb_column][et_pb_column type=&#8220;1_3&#8243; _builder_version=&#8220;4.16&#8243; custom_padding=&#8220;|||&#8220; global_colors_info=&#8220;{}&#8220; custom_padding__hover=&#8220;|||&#8220;][et_pb_blurb title=&#8220;Bau von Schaltschr\u00e4nken&#8220; url=&#8220;\/izrada-elektricnih-ormara\/&#8220; use_icon=&#8220;on&#8220; font_icon=&#8220;N||divi||400&#8243; icon_color=&#8220;#31B840&#8243; image_icon_width=&#8220;40px&#8220; _builder_version=&#8220;4.27.4&#8243; header_font=&#8220;|700|||||||&#8220; header_font_size=&#8220;20px&#8220; header_letter_spacing=&#8220;1px&#8220; header_line_height=&#8220;1.4em&#8220; background_color=&#8220;#ffffff&#8220; text_orientation=&#8220;center&#8220; custom_padding=&#8220;30px|20px|30px|20px|true|true&#8220; animation_style=&#8220;slide&#8220; animation_direction=&#8220;bottom&#8220; animation_intensity_slide=&#8220;5%&#8220; animation=&#8220;off&#8220; link_option_url=&#8220;\/izrada-elektricnih-ormara\/&#8220; border_width_all=&#8220;1px&#8220; border_color_all=&#8220;#f4f4f4&#8243; box_shadow_style=&#8220;preset2&#8243; box_shadow_horizontal=&#8220;0px&#8220; box_shadow_vertical=&#8220;35px&#8220; box_shadow_blur=&#8220;80px&#8220; box_shadow_spread=&#8220;-25px&#8220; box_shadow_color=&#8220;rgba(0,0,0,0.15)&#8220; image_max_width=&#8220;64px&#8220; locked=&#8220;off&#8220; global_colors_info=&#8220;{}&#8220; box_shadow_blur__hover=&#8220;125px&#8220; box_shadow_blur__hover_enabled=&#8220;on&#8220; box_shadow_color__hover=&#8220;rgba(0,0,0,0.3)&#8220; box_shadow_color__hover_enabled=&#8220;on&#8220; custom_margin__hover=&#8220;-5px||&#8220; custom_margin__hover_enabled=&#8220;on&#8220;]<\/p>\n<p>Ihr Schaltschrank ist nicht nur eine Kiste mit Komponenten \u2013 er ist das Herzst\u00fcck Ihres elektrischen Systems. Egal, ob Sie einen grundlegenden Verteilerschrank oder ein komplexes automatisiertes System ben\u00f6tigen, unser Team sorgt daf\u00fcr, dass jedes Detail fehlerfrei, sicher und zuverl\u00e4ssig funktioniert. <\/p>\n<p>[\/et_pb_blurb][\/et_pb_column][\/et_pb_row][\/et_pb_section]<\/p>\n","protected":false},"excerpt":{"rendered":"<p>TK-ELEKTRO d.o.o. TK-ELEKTRO d.o.o.ist ein modernes und dynamisches Unternehmen, das sich auf die Bereitstellung umfassender Elektrodienstleistungen im Industrie- und Privatsektor spezialisiert hat. Mit \u00fcber f\u00fcnf Jahren erfolgreicher Gesch\u00e4ftst\u00e4tigkeit und einem Team von 15 erfahrenen und qualifizierten Mitarbeitern, gehen wir jedes Projekt verantwortungsbewusst, pr\u00e4zise und gem\u00e4\u00df den h\u00f6chsten professionellen Standards an. Unsere Schl\u00fcssel-Dienstleistungen umfassenEgal ob es [&hellip;]<\/p>\n","protected":false},"author":1,"featured_media":0,"parent":0,"menu_order":0,"comment_status":"closed","ping_status":"closed","template":"","meta":{"_et_pb_use_builder":"on","_et_pb_old_content":"","_et_gb_content_width":"","footnotes":""},"class_list":["post-582","page","type-page","status-publish","hentry"],"yoast_head":"<!-- This site is optimized with the Yoast SEO plugin v25.3.1 - https:\/\/yoast.com\/wordpress\/plugins\/seo\/ -->\n<title>Startseite - TK-ELEKTRO d.o.o.<\/title>\n<meta name=\"robots\" content=\"index, follow, max-snippet:-1, max-image-preview:large, max-video-preview:-1\" \/>\n<link rel=\"canonical\" href=\"https:\/\/www.tk-elektro.hr\/de\/\" \/>\n<meta property=\"og:locale\" content=\"de_DE\" \/>\n<meta property=\"og:type\" content=\"article\" \/>\n<meta property=\"og:title\" content=\"Startseite - TK-ELEKTRO d.o.o.\" \/>\n<meta property=\"og:description\" content=\"TK-ELEKTRO d.o.o. TK-ELEKTRO d.o.o.ist ein modernes und dynamisches Unternehmen, das sich auf die Bereitstellung umfassender Elektrodienstleistungen im Industrie- und Privatsektor spezialisiert hat. Mit \u00fcber f\u00fcnf Jahren erfolgreicher Gesch\u00e4ftst\u00e4tigkeit und einem Team von 15 erfahrenen und qualifizierten Mitarbeitern, gehen wir jedes Projekt verantwortungsbewusst, pr\u00e4zise und gem\u00e4\u00df den h\u00f6chsten professionellen Standards an. Unsere Schl\u00fcssel-Dienstleistungen umfassenEgal ob es [&hellip;]\" \/>\n<meta property=\"og:url\" content=\"https:\/\/www.tk-elektro.hr\/de\/\" \/>\n<meta property=\"og:site_name\" content=\"TK-ELEKTRO d.o.o.\" \/>\n<meta property=\"article:modified_time\" content=\"2025-06-23T18:54:00+00:00\" \/>\n<meta name=\"twitter:card\" content=\"summary_large_image\" \/>\n<meta name=\"twitter:label1\" content=\"Gesch\u00e4tzte Lesezeit\" \/>\n\t<meta name=\"twitter:data1\" content=\"10\u00a0Minuten\" \/>\n<script type=\"application\/ld+json\" class=\"yoast-schema-graph\">{\"@context\":\"https:\/\/schema.org\",\"@graph\":[{\"@type\":\"WebPage\",\"@id\":\"https:\/\/www.tk-elektro.hr\/de\/\",\"url\":\"https:\/\/www.tk-elektro.hr\/de\/\",\"name\":\"Startseite - TK-ELEKTRO d.o.o.\",\"isPartOf\":{\"@id\":\"https:\/\/www.tk-elektro.hr\/#website\"},\"datePublished\":\"2025-06-22T19:06:47+00:00\",\"dateModified\":\"2025-06-23T18:54:00+00:00\",\"breadcrumb\":{\"@id\":\"https:\/\/www.tk-elektro.hr\/de\/#breadcrumb\"},\"inLanguage\":\"de\",\"potentialAction\":[{\"@type\":\"ReadAction\",\"target\":[\"https:\/\/www.tk-elektro.hr\/de\/\"]}]},{\"@type\":\"BreadcrumbList\",\"@id\":\"https:\/\/www.tk-elektro.hr\/de\/#breadcrumb\",\"itemListElement\":[{\"@type\":\"ListItem\",\"position\":1,\"name\":\"Po\u010detna stranica\",\"item\":\"https:\/\/www.tk-elektro.hr\/de\/\"},{\"@type\":\"ListItem\",\"position\":2,\"name\":\"Startseite\"}]},{\"@type\":\"WebSite\",\"@id\":\"https:\/\/www.tk-elektro.hr\/#website\",\"url\":\"https:\/\/www.tk-elektro.hr\/\",\"name\":\"TK-ELEKTRO d.o.o.\",\"description\":\"MONTA\u017dA, SERVIS I ODR\u017dAVANJE INDUSTRIJSKIH STROJEVA I NAPRAVA\",\"potentialAction\":[{\"@type\":\"SearchAction\",\"target\":{\"@type\":\"EntryPoint\",\"urlTemplate\":\"https:\/\/www.tk-elektro.hr\/?s={search_term_string}\"},\"query-input\":{\"@type\":\"PropertyValueSpecification\",\"valueRequired\":true,\"valueName\":\"search_term_string\"}}],\"inLanguage\":\"de\"}]}<\/script>\n<!-- \/ Yoast SEO plugin. -->","yoast_head_json":{"title":"Startseite - TK-ELEKTRO d.o.o.","robots":{"index":"index","follow":"follow","max-snippet":"max-snippet:-1","max-image-preview":"max-image-preview:large","max-video-preview":"max-video-preview:-1"},"canonical":"https:\/\/www.tk-elektro.hr\/de\/","og_locale":"de_DE","og_type":"article","og_title":"Startseite - TK-ELEKTRO d.o.o.","og_description":"TK-ELEKTRO d.o.o. TK-ELEKTRO d.o.o.ist ein modernes und dynamisches Unternehmen, das sich auf die Bereitstellung umfassender Elektrodienstleistungen im Industrie- und Privatsektor spezialisiert hat. Mit \u00fcber f\u00fcnf Jahren erfolgreicher Gesch\u00e4ftst\u00e4tigkeit und einem Team von 15 erfahrenen und qualifizierten Mitarbeitern, gehen wir jedes Projekt verantwortungsbewusst, pr\u00e4zise und gem\u00e4\u00df den h\u00f6chsten professionellen Standards an. Unsere Schl\u00fcssel-Dienstleistungen umfassenEgal ob es [&hellip;]","og_url":"https:\/\/www.tk-elektro.hr\/de\/","og_site_name":"TK-ELEKTRO d.o.o.","article_modified_time":"2025-06-23T18:54:00+00:00","twitter_card":"summary_large_image","twitter_misc":{"Gesch\u00e4tzte Lesezeit":"10\u00a0Minuten"},"schema":{"@context":"https:\/\/schema.org","@graph":[{"@type":"WebPage","@id":"https:\/\/www.tk-elektro.hr\/de\/","url":"https:\/\/www.tk-elektro.hr\/de\/","name":"Startseite - TK-ELEKTRO d.o.o.","isPartOf":{"@id":"https:\/\/www.tk-elektro.hr\/#website"},"datePublished":"2025-06-22T19:06:47+00:00","dateModified":"2025-06-23T18:54:00+00:00","breadcrumb":{"@id":"https:\/\/www.tk-elektro.hr\/de\/#breadcrumb"},"inLanguage":"de","potentialAction":[{"@type":"ReadAction","target":["https:\/\/www.tk-elektro.hr\/de\/"]}]},{"@type":"BreadcrumbList","@id":"https:\/\/www.tk-elektro.hr\/de\/#breadcrumb","itemListElement":[{"@type":"ListItem","position":1,"name":"Po\u010detna stranica","item":"https:\/\/www.tk-elektro.hr\/de\/"},{"@type":"ListItem","position":2,"name":"Startseite"}]},{"@type":"WebSite","@id":"https:\/\/www.tk-elektro.hr\/#website","url":"https:\/\/www.tk-elektro.hr\/","name":"TK-ELEKTRO d.o.o.","description":"MONTA\u017dA, SERVIS I ODR\u017dAVANJE INDUSTRIJSKIH STROJEVA I NAPRAVA","potentialAction":[{"@type":"SearchAction","target":{"@type":"EntryPoint","urlTemplate":"https:\/\/www.tk-elektro.hr\/?s={search_term_string}"},"query-input":{"@type":"PropertyValueSpecification","valueRequired":true,"valueName":"search_term_string"}}],"inLanguage":"de"}]}},"_links":{"self":[{"href":"https:\/\/www.tk-elektro.hr\/de\/wp-json\/wp\/v2\/pages\/582","targetHints":{"allow":["GET"]}}],"collection":[{"href":"https:\/\/www.tk-elektro.hr\/de\/wp-json\/wp\/v2\/pages"}],"about":[{"href":"https:\/\/www.tk-elektro.hr\/de\/wp-json\/wp\/v2\/types\/page"}],"author":[{"embeddable":true,"href":"https:\/\/www.tk-elektro.hr\/de\/wp-json\/wp\/v2\/users\/1"}],"replies":[{"embeddable":true,"href":"https:\/\/www.tk-elektro.hr\/de\/wp-json\/wp\/v2\/comments?post=582"}],"version-history":[{"count":1,"href":"https:\/\/www.tk-elektro.hr\/de\/wp-json\/wp\/v2\/pages\/582\/revisions"}],"predecessor-version":[{"id":583,"href":"https:\/\/www.tk-elektro.hr\/de\/wp-json\/wp\/v2\/pages\/582\/revisions\/583"}],"wp:attachment":[{"href":"https:\/\/www.tk-elektro.hr\/de\/wp-json\/wp\/v2\/media?parent=582"}],"curies":[{"name":"wp","href":"https:\/\/api.w.org\/{rel}","templated":true}]}}